{"id":31356,"date":"2025-11-14T09:40:48","date_gmt":"2025-11-14T08:40:48","guid":{"rendered":"https:\/\/i-vent.com\/si\/?post_type=product&#038;p=31356"},"modified":"2025-11-14T09:42:13","modified_gmt":"2025-11-14T08:42:13","slug":"montaza","status":"publish","type":"product","link":"https:\/\/i-vent.com\/si\/izdelek\/montaza\/","title":{"rendered":"Monta\u017ea"},"content":{"rendered":"<p>Termin monta\u017ee prilagodimo va\u0161im \u017eeljam po naknadnem dogovoru.<\/p>\n","protected":false},"excerpt":{"rendered":"<p>Termin monta\u017ee prilagodimo va\u0161im \u017eeljam po naknadnem dogovoru.<\/p>\n","protected":false},"featured_media":31354,"template":"","meta":[],"product_brand":[],"product_cat":[140],"product_tag":[],"class_list":{"0":"post-31356","1":"product","2":"type-product","3":"status-publish","4":"has-post-thumbnail","6":"product_cat-montaza","8":"first","9":"instock","10":"virtual","11":"taxable","12":"purchasable","13":"product-type-simple"},"yoast_head":"<!-- This site is optimized with the Yoast SEO plugin v27.1.1 - https:\/\/yoast.com\/product\/yoast-seo-wordpress\/ -->\n<title>Monta\u017ea - i-Vent.com<\/title>\n<meta name=\"robots\" content=\"index, follow, max-snippet:-1, max-image-preview:large, max-video-preview:-1\" \/>\n<link rel=\"canonical\" href=\"https:\/\/i-vent.com\/si\/izdelek\/montaza\/\" \/>\n<meta property=\"og:locale\" content=\"sl_SI\" \/>\n<meta property=\"og:type\" content=\"article\" \/>\n<meta property=\"og:title\" content=\"Monta\u017ea - i-Vent.com\" \/>\n<meta property=\"og:description\" content=\"Termin monta\u017ee prilagodimo va\u0161im \u017eeljam po naknadnem dogovoru.\" \/>\n<meta property=\"og:url\" content=\"https:\/\/i-vent.com\/si\/izdelek\/montaza\/\" \/>\n<meta property=\"og:site_name\" content=\"i-Vent.com\" \/>\n<meta property=\"article:publisher\" content=\"https:\/\/www.facebook.com\/iVent.slovenija\/\" \/>\n<meta property=\"article:modified_time\" content=\"2025-11-14T08:42:13+00:00\" \/>\n<meta property=\"og:image\" content=\"https:\/\/i-vent.com\/si\/wp-content\/uploads\/2025\/11\/montaza.png\" \/>\n\t<meta property=\"og:image:width\" content=\"930\" \/>\n\t<meta property=\"og:image:height\" content=\"930\" \/>\n\t<meta property=\"og:image:type\" content=\"image\/png\" \/>\n<meta name=\"twitter:card\" content=\"summary_large_image\" \/>\n<meta name=\"twitter:label1\" content=\"Est. reading time\" \/>\n\t<meta name=\"twitter:data1\" content=\"1 minuta\" \/>\n<script type=\"application\/ld+json\" class=\"yoast-schema-graph\">{\"@context\":\"https:\/\/schema.org\",\"@graph\":[{\"@type\":\"WebPage\",\"@id\":\"https:\/\/i-vent.com\/si\/izdelek\/montaza\/\",\"url\":\"https:\/\/i-vent.com\/si\/izdelek\/montaza\/\",\"name\":\"Monta\u017ea - i-Vent.com\",\"isPartOf\":{\"@id\":\"https:\/\/i-vent.com\/si\/#website\"},\"primaryImageOfPage\":{\"@id\":\"https:\/\/i-vent.com\/si\/izdelek\/montaza\/#primaryimage\"},\"image\":{\"@id\":\"https:\/\/i-vent.com\/si\/izdelek\/montaza\/#primaryimage\"},\"thumbnailUrl\":\"https:\/\/i-vent.com\/si\/wp-content\/uploads\/2025\/11\/montaza.png\",\"datePublished\":\"2025-11-14T08:40:48+00:00\",\"dateModified\":\"2025-11-14T08:42:13+00:00\",\"breadcrumb\":{\"@id\":\"https:\/\/i-vent.com\/si\/izdelek\/montaza\/#breadcrumb\"},\"inLanguage\":\"sl-SI\",\"potentialAction\":[{\"@type\":\"ReadAction\",\"target\":[\"https:\/\/i-vent.com\/si\/izdelek\/montaza\/\"]}]},{\"@type\":\"ImageObject\",\"inLanguage\":\"sl-SI\",\"@id\":\"https:\/\/i-vent.com\/si\/izdelek\/montaza\/#primaryimage\",\"url\":\"https:\/\/i-vent.com\/si\/wp-content\/uploads\/2025\/11\/montaza.png\",\"contentUrl\":\"https:\/\/i-vent.com\/si\/wp-content\/uploads\/2025\/11\/montaza.png\",\"width\":930,\"height\":930,\"caption\":\"Monta\u017ea\"},{\"@type\":\"BreadcrumbList\",\"@id\":\"https:\/\/i-vent.com\/si\/izdelek\/montaza\/#breadcrumb\",\"itemListElement\":[{\"@type\":\"ListItem\",\"position\":1,\"name\":\"Domov\",\"item\":\"https:\/\/i-vent.com\/si\/\"},{\"@type\":\"ListItem\",\"position\":2,\"name\":\"Spletna trgovina\",\"item\":\"https:\/\/i-vent.com\/si\/spletna-trgovina\/\"},{\"@type\":\"ListItem\",\"position\":3,\"name\":\"Monta\u017ea\"}]},{\"@type\":\"WebSite\",\"@id\":\"https:\/\/i-vent.com\/si\/#website\",\"url\":\"https:\/\/i-vent.com\/si\/\",\"name\":\"i-Vent\",\"description\":\"Specialisti za prezra\u010devanje\",\"publisher\":{\"@id\":\"https:\/\/i-vent.com\/si\/#organization\"},\"alternateName\":\"i-Vent\",\"potentialAction\":[{\"@type\":\"SearchAction\",\"target\":{\"@type\":\"EntryPoint\",\"urlTemplate\":\"https:\/\/i-vent.com\/si\/?s={search_term_string}\"},\"query-input\":{\"@type\":\"PropertyValueSpecification\",\"valueRequired\":true,\"valueName\":\"search_term_string\"}}],\"inLanguage\":\"sl-SI\"},{\"@type\":\"Organization\",\"@id\":\"https:\/\/i-vent.com\/si\/#organization\",\"name\":\"i-Vent\",\"alternateName\":\"i-Vent d.o.o.\",\"url\":\"https:\/\/i-vent.com\/si\/\",\"logo\":{\"@type\":\"ImageObject\",\"inLanguage\":\"sl-SI\",\"@id\":\"https:\/\/i-vent.com\/si\/#\/schema\/logo\/image\/\",\"url\":\"https:\/\/i-vent.com\/si\/wp-content\/uploads\/2025\/03\/i-Vent_696x696.jpg\",\"contentUrl\":\"https:\/\/i-vent.com\/si\/wp-content\/uploads\/2025\/03\/i-Vent_696x696.jpg\",\"width\":696,\"height\":696,\"caption\":\"i-Vent\"},\"image\":{\"@id\":\"https:\/\/i-vent.com\/si\/#\/schema\/logo\/image\/\"},\"sameAs\":[\"https:\/\/www.facebook.com\/iVent.slovenija\/\"]}]}<\/script>\n<!-- \/ Yoast SEO plugin. -->","yoast_head_json":{"title":"Monta\u017ea - i-Vent.com","robots":{"index":"index","follow":"follow","max-snippet":"max-snippet:-1","max-image-preview":"max-image-preview:large","max-video-preview":"max-video-preview:-1"},"canonical":"https:\/\/i-vent.com\/si\/izdelek\/montaza\/","og_locale":"sl_SI","og_type":"article","og_title":"Monta\u017ea - i-Vent.com","og_description":"Termin monta\u017ee prilagodimo va\u0161im \u017eeljam po naknadnem dogovoru.","og_url":"https:\/\/i-vent.com\/si\/izdelek\/montaza\/","og_site_name":"i-Vent.com","article_publisher":"https:\/\/www.facebook.com\/iVent.slovenija\/","article_modified_time":"2025-11-14T08:42:13+00:00","og_image":[{"width":930,"height":930,"url":"https:\/\/i-vent.com\/si\/wp-content\/uploads\/2025\/11\/montaza.png","type":"image\/png"}],"twitter_card":"summary_large_image","twitter_misc":{"Est. reading time":"1 minuta"},"schema":{"@context":"https:\/\/schema.org","@graph":[{"@type":"WebPage","@id":"https:\/\/i-vent.com\/si\/izdelek\/montaza\/","url":"https:\/\/i-vent.com\/si\/izdelek\/montaza\/","name":"Monta\u017ea - i-Vent.com","isPartOf":{"@id":"https:\/\/i-vent.com\/si\/#website"},"primaryImageOfPage":{"@id":"https:\/\/i-vent.com\/si\/izdelek\/montaza\/#primaryimage"},"image":{"@id":"https:\/\/i-vent.com\/si\/izdelek\/montaza\/#primaryimage"},"thumbnailUrl":"https:\/\/i-vent.com\/si\/wp-content\/uploads\/2025\/11\/montaza.png","datePublished":"2025-11-14T08:40:48+00:00","dateModified":"2025-11-14T08:42:13+00:00","breadcrumb":{"@id":"https:\/\/i-vent.com\/si\/izdelek\/montaza\/#breadcrumb"},"inLanguage":"sl-SI","potentialAction":[{"@type":"ReadAction","target":["https:\/\/i-vent.com\/si\/izdelek\/montaza\/"]}]},{"@type":"ImageObject","inLanguage":"sl-SI","@id":"https:\/\/i-vent.com\/si\/izdelek\/montaza\/#primaryimage","url":"https:\/\/i-vent.com\/si\/wp-content\/uploads\/2025\/11\/montaza.png","contentUrl":"https:\/\/i-vent.com\/si\/wp-content\/uploads\/2025\/11\/montaza.png","width":930,"height":930,"caption":"Monta\u017ea"},{"@type":"BreadcrumbList","@id":"https:\/\/i-vent.com\/si\/izdelek\/montaza\/#breadcrumb","itemListElement":[{"@type":"ListItem","position":1,"name":"Domov","item":"https:\/\/i-vent.com\/si\/"},{"@type":"ListItem","position":2,"name":"Spletna trgovina","item":"https:\/\/i-vent.com\/si\/spletna-trgovina\/"},{"@type":"ListItem","position":3,"name":"Monta\u017ea"}]},{"@type":"WebSite","@id":"https:\/\/i-vent.com\/si\/#website","url":"https:\/\/i-vent.com\/si\/","name":"i-Vent","description":"Specialisti za prezra\u010devanje","publisher":{"@id":"https:\/\/i-vent.com\/si\/#organization"},"alternateName":"i-Vent","potentialAction":[{"@type":"SearchAction","target":{"@type":"EntryPoint","urlTemplate":"https:\/\/i-vent.com\/si\/?s={search_term_string}"},"query-input":{"@type":"PropertyValueSpecification","valueRequired":true,"valueName":"search_term_string"}}],"inLanguage":"sl-SI"},{"@type":"Organization","@id":"https:\/\/i-vent.com\/si\/#organization","name":"i-Vent","alternateName":"i-Vent d.o.o.","url":"https:\/\/i-vent.com\/si\/","logo":{"@type":"ImageObject","inLanguage":"sl-SI","@id":"https:\/\/i-vent.com\/si\/#\/schema\/logo\/image\/","url":"https:\/\/i-vent.com\/si\/wp-content\/uploads\/2025\/03\/i-Vent_696x696.jpg","contentUrl":"https:\/\/i-vent.com\/si\/wp-content\/uploads\/2025\/03\/i-Vent_696x696.jpg","width":696,"height":696,"caption":"i-Vent"},"image":{"@id":"https:\/\/i-vent.com\/si\/#\/schema\/logo\/image\/"},"sameAs":["https:\/\/www.facebook.com\/iVent.slovenija\/"]}]}},"_links":{"self":[{"href":"https:\/\/i-vent.com\/si\/wp-json\/wp\/v2\/product\/31356","targetHints":{"allow":["GET"]}}],"collection":[{"href":"https:\/\/i-vent.com\/si\/wp-json\/wp\/v2\/product"}],"about":[{"href":"https:\/\/i-vent.com\/si\/wp-json\/wp\/v2\/types\/product"}],"wp:featuredmedia":[{"embeddable":true,"href":"https:\/\/i-vent.com\/si\/wp-json\/wp\/v2\/media\/31354"}],"wp:attachment":[{"href":"https:\/\/i-vent.com\/si\/wp-json\/wp\/v2\/media?parent=31356"}],"wp:term":[{"taxonomy":"product_brand","embeddable":true,"href":"https:\/\/i-vent.com\/si\/wp-json\/wp\/v2\/product_brand?post=31356"},{"taxonomy":"product_cat","embeddable":true,"href":"https:\/\/i-vent.com\/si\/wp-json\/wp\/v2\/product_cat?post=31356"},{"taxonomy":"product_tag","embeddable":true,"href":"https:\/\/i-vent.com\/si\/wp-json\/wp\/v2\/product_tag?post=31356"}],"curies":[{"name":"wp","href":"https:\/\/api.w.org\/{rel}","templated":true}]}}