{"id":24480,"date":"2025-02-25T08:19:45","date_gmt":"2025-02-25T07:19:45","guid":{"rendered":"https:\/\/i-vent.com\/si\/?post_type=product&#038;p=24480"},"modified":"2025-03-31T15:12:53","modified_gmt":"2025-03-31T13:12:53","slug":"zunanja-resetka-bele-barve","status":"publish","type":"product","link":"https:\/\/i-vent.com\/si\/izdelek\/zunanja-resetka-bele-barve\/","title":{"rendered":"Zunanja re\u0161etka bele barve"},"content":{"rendered":"","protected":false},"excerpt":{"rendered":"<p>Zunanja fasadna re\u0161etka bele barve z za\u0161\u010dito pred insekti in odkapnikom, premera 190mm, za serijo iVent 160.<\/p>\n","protected":false},"featured_media":24482,"template":"","meta":[],"product_brand":[],"product_cat":[106],"product_tag":[85,86,111,112],"class_list":{"0":"post-24480","1":"product","2":"type-product","3":"status-publish","4":"has-post-thumbnail","6":"product_cat-nadomestni-deli","7":"product_tag-dodatna-oprema","8":"product_tag-i-vent","9":"product_tag-nadomestni-deli","10":"product_tag-zunanja-resetka","12":"first","13":"instock","14":"taxable","15":"shipping-taxable","16":"purchasable","17":"product-type-simple"},"yoast_head":"<!-- This site is optimized with the Yoast SEO plugin v27.1.1 - https:\/\/yoast.com\/product\/yoast-seo-wordpress\/ -->\n<title>Zunanja re\u0161etka bele barve - i-Vent.com<\/title>\n<meta name=\"robots\" content=\"index, follow, max-snippet:-1, max-image-preview:large, max-video-preview:-1\" \/>\n<link rel=\"canonical\" href=\"https:\/\/i-vent.com\/si\/izdelek\/zunanja-resetka-bele-barve\/\" \/>\n<meta property=\"og:locale\" content=\"sl_SI\" \/>\n<meta property=\"og:type\" content=\"article\" \/>\n<meta property=\"og:title\" content=\"Zunanja re\u0161etka bele barve - i-Vent.com\" \/>\n<meta property=\"og:description\" content=\"Zunanja fasadna re\u0161etka bele barve z za\u0161\u010dito pred insekti in odkapnikom, premera 190mm, za serijo iVent 160.\" \/>\n<meta property=\"og:url\" content=\"https:\/\/i-vent.com\/si\/izdelek\/zunanja-resetka-bele-barve\/\" \/>\n<meta property=\"og:site_name\" content=\"i-Vent.com\" \/>\n<meta property=\"article:publisher\" content=\"https:\/\/www.facebook.com\/iVent.slovenija\/\" \/>\n<meta property=\"article:modified_time\" content=\"2025-03-31T13:12:53+00:00\" \/>\n<meta property=\"og:image\" content=\"https:\/\/i-vent.com\/si\/wp-content\/uploads\/2025\/02\/WFG190-545x545-1.jpg\" \/>\n\t<meta property=\"og:image:width\" content=\"545\" \/>\n\t<meta property=\"og:image:height\" content=\"545\" \/>\n\t<meta property=\"og:image:type\" content=\"image\/jpeg\" \/>\n<meta name=\"twitter:card\" content=\"summary_large_image\" \/>\n<script type=\"application\/ld+json\" class=\"yoast-schema-graph\">{\"@context\":\"https:\/\/schema.org\",\"@graph\":[{\"@type\":\"WebPage\",\"@id\":\"https:\/\/i-vent.com\/si\/izdelek\/zunanja-resetka-bele-barve\/\",\"url\":\"https:\/\/i-vent.com\/si\/izdelek\/zunanja-resetka-bele-barve\/\",\"name\":\"Zunanja re\u0161etka bele barve - i-Vent.com\",\"isPartOf\":{\"@id\":\"https:\/\/i-vent.com\/si\/#website\"},\"primaryImageOfPage\":{\"@id\":\"https:\/\/i-vent.com\/si\/izdelek\/zunanja-resetka-bele-barve\/#primaryimage\"},\"image\":{\"@id\":\"https:\/\/i-vent.com\/si\/izdelek\/zunanja-resetka-bele-barve\/#primaryimage\"},\"thumbnailUrl\":\"https:\/\/i-vent.com\/si\/wp-content\/uploads\/2025\/02\/WFG190-545x545-1.jpg\",\"datePublished\":\"2025-02-25T07:19:45+00:00\",\"dateModified\":\"2025-03-31T13:12:53+00:00\",\"breadcrumb\":{\"@id\":\"https:\/\/i-vent.com\/si\/izdelek\/zunanja-resetka-bele-barve\/#breadcrumb\"},\"inLanguage\":\"sl-SI\",\"potentialAction\":[{\"@type\":\"ReadAction\",\"target\":[\"https:\/\/i-vent.com\/si\/izdelek\/zunanja-resetka-bele-barve\/\"]}]},{\"@type\":\"ImageObject\",\"inLanguage\":\"sl-SI\",\"@id\":\"https:\/\/i-vent.com\/si\/izdelek\/zunanja-resetka-bele-barve\/#primaryimage\",\"url\":\"https:\/\/i-vent.com\/si\/wp-content\/uploads\/2025\/02\/WFG190-545x545-1.jpg\",\"contentUrl\":\"https:\/\/i-vent.com\/si\/wp-content\/uploads\/2025\/02\/WFG190-545x545-1.jpg\",\"width\":545,\"height\":545},{\"@type\":\"BreadcrumbList\",\"@id\":\"https:\/\/i-vent.com\/si\/izdelek\/zunanja-resetka-bele-barve\/#breadcrumb\",\"itemListElement\":[{\"@type\":\"ListItem\",\"position\":1,\"name\":\"Domov\",\"item\":\"https:\/\/i-vent.com\/si\/\"},{\"@type\":\"ListItem\",\"position\":2,\"name\":\"Spletna trgovina\",\"item\":\"https:\/\/i-vent.com\/si\/spletna-trgovina\/\"},{\"@type\":\"ListItem\",\"position\":3,\"name\":\"Zunanja re\u0161etka bele barve\"}]},{\"@type\":\"WebSite\",\"@id\":\"https:\/\/i-vent.com\/si\/#website\",\"url\":\"https:\/\/i-vent.com\/si\/\",\"name\":\"i-Vent\",\"description\":\"Specialisti za prezra\u010devanje\",\"publisher\":{\"@id\":\"https:\/\/i-vent.com\/si\/#organization\"},\"alternateName\":\"i-Vent\",\"potentialAction\":[{\"@type\":\"SearchAction\",\"target\":{\"@type\":\"EntryPoint\",\"urlTemplate\":\"https:\/\/i-vent.com\/si\/?s={search_term_string}\"},\"query-input\":{\"@type\":\"PropertyValueSpecification\",\"valueRequired\":true,\"valueName\":\"search_term_string\"}}],\"inLanguage\":\"sl-SI\"},{\"@type\":\"Organization\",\"@id\":\"https:\/\/i-vent.com\/si\/#organization\",\"name\":\"i-Vent\",\"alternateName\":\"i-Vent d.o.o.\",\"url\":\"https:\/\/i-vent.com\/si\/\",\"logo\":{\"@type\":\"ImageObject\",\"inLanguage\":\"sl-SI\",\"@id\":\"https:\/\/i-vent.com\/si\/#\/schema\/logo\/image\/\",\"url\":\"https:\/\/i-vent.com\/si\/wp-content\/uploads\/2025\/03\/i-Vent_696x696.jpg\",\"contentUrl\":\"https:\/\/i-vent.com\/si\/wp-content\/uploads\/2025\/03\/i-Vent_696x696.jpg\",\"width\":696,\"height\":696,\"caption\":\"i-Vent\"},\"image\":{\"@id\":\"https:\/\/i-vent.com\/si\/#\/schema\/logo\/image\/\"},\"sameAs\":[\"https:\/\/www.facebook.com\/iVent.slovenija\/\"]}]}<\/script>\n<!-- \/ Yoast SEO plugin. -->","yoast_head_json":{"title":"Zunanja re\u0161etka bele barve - i-Vent.com","robots":{"index":"index","follow":"follow","max-snippet":"max-snippet:-1","max-image-preview":"max-image-preview:large","max-video-preview":"max-video-preview:-1"},"canonical":"https:\/\/i-vent.com\/si\/izdelek\/zunanja-resetka-bele-barve\/","og_locale":"sl_SI","og_type":"article","og_title":"Zunanja re\u0161etka bele barve - i-Vent.com","og_description":"Zunanja fasadna re\u0161etka bele barve z za\u0161\u010dito pred insekti in odkapnikom, premera 190mm, za serijo iVent 160.","og_url":"https:\/\/i-vent.com\/si\/izdelek\/zunanja-resetka-bele-barve\/","og_site_name":"i-Vent.com","article_publisher":"https:\/\/www.facebook.com\/iVent.slovenija\/","article_modified_time":"2025-03-31T13:12:53+00:00","og_image":[{"width":545,"height":545,"url":"https:\/\/i-vent.com\/si\/wp-content\/uploads\/2025\/02\/WFG190-545x545-1.jpg","type":"image\/jpeg"}],"twitter_card":"summary_large_image","schema":{"@context":"https:\/\/schema.org","@graph":[{"@type":"WebPage","@id":"https:\/\/i-vent.com\/si\/izdelek\/zunanja-resetka-bele-barve\/","url":"https:\/\/i-vent.com\/si\/izdelek\/zunanja-resetka-bele-barve\/","name":"Zunanja re\u0161etka bele barve - i-Vent.com","isPartOf":{"@id":"https:\/\/i-vent.com\/si\/#website"},"primaryImageOfPage":{"@id":"https:\/\/i-vent.com\/si\/izdelek\/zunanja-resetka-bele-barve\/#primaryimage"},"image":{"@id":"https:\/\/i-vent.com\/si\/izdelek\/zunanja-resetka-bele-barve\/#primaryimage"},"thumbnailUrl":"https:\/\/i-vent.com\/si\/wp-content\/uploads\/2025\/02\/WFG190-545x545-1.jpg","datePublished":"2025-02-25T07:19:45+00:00","dateModified":"2025-03-31T13:12:53+00:00","breadcrumb":{"@id":"https:\/\/i-vent.com\/si\/izdelek\/zunanja-resetka-bele-barve\/#breadcrumb"},"inLanguage":"sl-SI","potentialAction":[{"@type":"ReadAction","target":["https:\/\/i-vent.com\/si\/izdelek\/zunanja-resetka-bele-barve\/"]}]},{"@type":"ImageObject","inLanguage":"sl-SI","@id":"https:\/\/i-vent.com\/si\/izdelek\/zunanja-resetka-bele-barve\/#primaryimage","url":"https:\/\/i-vent.com\/si\/wp-content\/uploads\/2025\/02\/WFG190-545x545-1.jpg","contentUrl":"https:\/\/i-vent.com\/si\/wp-content\/uploads\/2025\/02\/WFG190-545x545-1.jpg","width":545,"height":545},{"@type":"BreadcrumbList","@id":"https:\/\/i-vent.com\/si\/izdelek\/zunanja-resetka-bele-barve\/#breadcrumb","itemListElement":[{"@type":"ListItem","position":1,"name":"Domov","item":"https:\/\/i-vent.com\/si\/"},{"@type":"ListItem","position":2,"name":"Spletna trgovina","item":"https:\/\/i-vent.com\/si\/spletna-trgovina\/"},{"@type":"ListItem","position":3,"name":"Zunanja re\u0161etka bele barve"}]},{"@type":"WebSite","@id":"https:\/\/i-vent.com\/si\/#website","url":"https:\/\/i-vent.com\/si\/","name":"i-Vent","description":"Specialisti za prezra\u010devanje","publisher":{"@id":"https:\/\/i-vent.com\/si\/#organization"},"alternateName":"i-Vent","potentialAction":[{"@type":"SearchAction","target":{"@type":"EntryPoint","urlTemplate":"https:\/\/i-vent.com\/si\/?s={search_term_string}"},"query-input":{"@type":"PropertyValueSpecification","valueRequired":true,"valueName":"search_term_string"}}],"inLanguage":"sl-SI"},{"@type":"Organization","@id":"https:\/\/i-vent.com\/si\/#organization","name":"i-Vent","alternateName":"i-Vent d.o.o.","url":"https:\/\/i-vent.com\/si\/","logo":{"@type":"ImageObject","inLanguage":"sl-SI","@id":"https:\/\/i-vent.com\/si\/#\/schema\/logo\/image\/","url":"https:\/\/i-vent.com\/si\/wp-content\/uploads\/2025\/03\/i-Vent_696x696.jpg","contentUrl":"https:\/\/i-vent.com\/si\/wp-content\/uploads\/2025\/03\/i-Vent_696x696.jpg","width":696,"height":696,"caption":"i-Vent"},"image":{"@id":"https:\/\/i-vent.com\/si\/#\/schema\/logo\/image\/"},"sameAs":["https:\/\/www.facebook.com\/iVent.slovenija\/"]}]}},"_links":{"self":[{"href":"https:\/\/i-vent.com\/si\/wp-json\/wp\/v2\/product\/24480","targetHints":{"allow":["GET"]}}],"collection":[{"href":"https:\/\/i-vent.com\/si\/wp-json\/wp\/v2\/product"}],"about":[{"href":"https:\/\/i-vent.com\/si\/wp-json\/wp\/v2\/types\/product"}],"wp:featuredmedia":[{"embeddable":true,"href":"https:\/\/i-vent.com\/si\/wp-json\/wp\/v2\/media\/24482"}],"wp:attachment":[{"href":"https:\/\/i-vent.com\/si\/wp-json\/wp\/v2\/media?parent=24480"}],"wp:term":[{"taxonomy":"product_brand","embeddable":true,"href":"https:\/\/i-vent.com\/si\/wp-json\/wp\/v2\/product_brand?post=24480"},{"taxonomy":"product_cat","embeddable":true,"href":"https:\/\/i-vent.com\/si\/wp-json\/wp\/v2\/product_cat?post=24480"},{"taxonomy":"product_tag","embeddable":true,"href":"https:\/\/i-vent.com\/si\/wp-json\/wp\/v2\/product_tag?post=24480"}],"curies":[{"name":"wp","href":"https:\/\/api.w.org\/{rel}","templated":true}]}}