{"id":27119,"date":"2025-03-10T10:27:40","date_gmt":"2025-03-10T09:27:40","guid":{"rendered":"https:\/\/i-vent.com\/si\/?page_id=27119"},"modified":"2026-02-19T06:49:53","modified_gmt":"2026-02-19T05:49:53","slug":"jesen-v-zraku-svezina-v-domu","status":"publish","type":"page","link":"https:\/\/i-vent.com\/si\/jesen-v-zraku-svezina-v-domu\/","title":{"rendered":"Jesen v zraku, sve\u017eina v domu"},"content":{"rendered":"<p>JESEN V ZRAKU, SVE\u017dINA V DOMU<br \/>\nNe dopustite, da vas vlaga in plesen omejujeta!<br \/>\nS pametnim prezra\u010devalnim sistemom i-Vent poskrbite za \u010dist in zdrav zrak v va\u0161em domu.<\/p>\n<p>\u2705 Stalno dovajanje sve\u017eega zraka<br \/>\n\u2705 Odvajanje izrabljenega zraka in \u0161kodljivih snovi<br \/>\n\u2705 Prepre\u010devanje vlage in plesni<br \/>\n\u2705 Ohranjanje optimalne mikroklime v prostoru<\/p>\n<p>\u017de ve\u010d kot 150.000 zadovoljnih uporabnikov zaupa i-Vent. Pridru\u017eite se jim in izbolj\u0161ajte kakovost bivanja!<\/p>\n<p>POSEBNA JESENSKA AKCIJA \u2013 do 50 % popusta!<br \/>\n\ud83d\udcc5 Akcija velja od 1. 9. do 15. 10. 2024<br \/>\n\ud83d\udca8 20 % popusta na i-Vent + do 30 % subvencije EKO sklada<\/p>\n<p>Poleg popusta vam v sodelovanju z Leanpay omogo\u010damo tudi pla\u010dilo na obroke.<\/p>\n<p>Zakaj izbrati i-Vent?<br \/>\n\u2714 Cenovno ugodno<br \/>\n\u2714 Izkori\u0161\u010denost nad 90 %<br \/>\n\u2714 Energetsko u\u010dinkovito<br \/>\n\u2714 Enostavna vgradnja<\/p>\n<p>Pametni prezra\u010devalni sistem i-Vent je plod doma\u010dega znanja in v celoti izdelan v Sloveniji.<br \/>\n\ud83d\udd39 Skoraj nesli\u0161no delovanje<br \/>\n\ud83d\udd39 Enostavno upravljanje prek aplikacije (Android &amp; iOS)<br \/>\n\ud83d\udd39 Optimizacija kakovosti zraka za bolj\u0161e zdravje in udobje<\/p>\n<p>\u010cas je, da dihate bolje!<\/p>\n","protected":false},"excerpt":{"rendered":"<p>JESEN V ZRAKU, SVE\u017dINA V DOMU Ne dopustite, da vas vlaga in plesen omejujeta! S pametnim prezra\u010devalnim sistemom i-Vent poskrbite za \u010dist in zdrav zrak v va\u0161em domu. \u2705 Stalno dovajanje sve\u017eega zraka \u2705 Odvajanje izrabljenega zraka in \u0161kodljivih snovi \u2705&#8230;<\/p>\n","protected":false},"author":1,"featured_media":0,"parent":0,"menu_order":0,"comment_status":"closed","ping_status":"closed","template":"","meta":{"footnotes":""},"class_list":["post-27119","page","type-page","status-publish","hentry"],"yoast_head":"<!-- This site is optimized with the Yoast SEO plugin v27.1.1 - https:\/\/yoast.com\/product\/yoast-seo-wordpress\/ -->\n<title>Jesen v zraku, sve\u017eina v domu - i-Vent.com<\/title>\n<meta name=\"description\" content=\"To poletje je idealen \u010das, da za\u017eivite v zdravih bivalnih pogojih. Odlo\u010dite se za pametni prezra\u010devalni sistem i-Vent in izbrali boste \u0161ampiona brez konkurence.Izkoristite akcijsko ponudbo, v kateri vam je pametna prezra\u010devalna enota z rekuperacijo toplote i-Vent na voljo do kar 60 % ceneje.Nalo\u017eba v i-Vent je nalo\u017eba v prijetno in zdravo bivalno okolje v vseh letnih \u010dasih.\" \/>\n<meta name=\"robots\" content=\"noindex, nofollow\" \/>\n<meta property=\"og:locale\" content=\"sl_SI\" \/>\n<meta property=\"og:type\" content=\"article\" \/>\n<meta property=\"og:title\" content=\"Jesen v zraku, sve\u017eina v domu - i-Vent.com\" \/>\n<meta property=\"og:description\" content=\"To poletje je idealen \u010das, da za\u017eivite v zdravih bivalnih pogojih. Odlo\u010dite se za pametni prezra\u010devalni sistem i-Vent in izbrali boste \u0161ampiona brez konkurence.Izkoristite akcijsko ponudbo, v kateri vam je pametna prezra\u010devalna enota z rekuperacijo toplote i-Vent na voljo do kar 60 % ceneje.Nalo\u017eba v i-Vent je nalo\u017eba v prijetno in zdravo bivalno okolje v vseh letnih \u010dasih.\" \/>\n<meta property=\"og:url\" content=\"https:\/\/i-vent.com\/si\/jesen-v-zraku-svezina-v-domu\/\" \/>\n<meta property=\"og:site_name\" content=\"i-Vent.com\" \/>\n<meta property=\"article:publisher\" content=\"https:\/\/www.facebook.com\/iVent.slovenija\/\" \/>\n<meta property=\"article:modified_time\" content=\"2026-02-19T05:49:53+00:00\" \/>\n<meta property=\"og:image\" content=\"https:\/\/i-vent.com\/si\/wp-content\/uploads\/2025\/03\/i-vent_og.jpg\" \/>\n\t<meta property=\"og:image:width\" content=\"1200\" \/>\n\t<meta property=\"og:image:height\" content=\"630\" \/>\n\t<meta property=\"og:image:type\" content=\"image\/jpeg\" \/>\n<meta name=\"twitter:card\" content=\"summary_large_image\" \/>\n<meta name=\"twitter:label1\" content=\"Est. reading time\" \/>\n\t<meta name=\"twitter:data1\" content=\"1 minuta\" \/>\n<script type=\"application\/ld+json\" class=\"yoast-schema-graph\">{\"@context\":\"https:\/\/schema.org\",\"@graph\":[{\"@type\":\"WebPage\",\"@id\":\"https:\/\/i-vent.com\/si\/jesen-v-zraku-svezina-v-domu\/\",\"url\":\"https:\/\/i-vent.com\/si\/jesen-v-zraku-svezina-v-domu\/\",\"name\":\"Jesen v zraku, sve\u017eina v domu - i-Vent.com\",\"isPartOf\":{\"@id\":\"https:\/\/i-vent.com\/si\/#website\"},\"datePublished\":\"2025-03-10T09:27:40+00:00\",\"dateModified\":\"2026-02-19T05:49:53+00:00\",\"description\":\"To poletje je idealen \u010das, da za\u017eivite v zdravih bivalnih pogojih. Odlo\u010dite se za pametni prezra\u010devalni sistem i-Vent in izbrali boste \u0161ampiona brez konkurence.Izkoristite akcijsko ponudbo, v kateri vam je pametna prezra\u010devalna enota z rekuperacijo toplote i-Vent na voljo do kar 60 % ceneje.Nalo\u017eba v i-Vent je nalo\u017eba v prijetno in zdravo bivalno okolje v vseh letnih \u010dasih.\",\"breadcrumb\":{\"@id\":\"https:\/\/i-vent.com\/si\/jesen-v-zraku-svezina-v-domu\/#breadcrumb\"},\"inLanguage\":\"sl-SI\",\"potentialAction\":[{\"@type\":\"ReadAction\",\"target\":[\"https:\/\/i-vent.com\/si\/jesen-v-zraku-svezina-v-domu\/\"]}]},{\"@type\":\"BreadcrumbList\",\"@id\":\"https:\/\/i-vent.com\/si\/jesen-v-zraku-svezina-v-domu\/#breadcrumb\",\"itemListElement\":[{\"@type\":\"ListItem\",\"position\":1,\"name\":\"Domov\",\"item\":\"https:\/\/i-vent.com\/si\/\"},{\"@type\":\"ListItem\",\"position\":2,\"name\":\"Jesen v zraku, sve\u017eina v domu\"}]},{\"@type\":\"WebSite\",\"@id\":\"https:\/\/i-vent.com\/si\/#website\",\"url\":\"https:\/\/i-vent.com\/si\/\",\"name\":\"i-Vent\",\"description\":\"Specialisti za prezra\u010devanje\",\"publisher\":{\"@id\":\"https:\/\/i-vent.com\/si\/#organization\"},\"alternateName\":\"i-Vent\",\"potentialAction\":[{\"@type\":\"SearchAction\",\"target\":{\"@type\":\"EntryPoint\",\"urlTemplate\":\"https:\/\/i-vent.com\/si\/?s={search_term_string}\"},\"query-input\":{\"@type\":\"PropertyValueSpecification\",\"valueRequired\":true,\"valueName\":\"search_term_string\"}}],\"inLanguage\":\"sl-SI\"},{\"@type\":\"Organization\",\"@id\":\"https:\/\/i-vent.com\/si\/#organization\",\"name\":\"i-Vent\",\"alternateName\":\"i-Vent d.o.o.\",\"url\":\"https:\/\/i-vent.com\/si\/\",\"logo\":{\"@type\":\"ImageObject\",\"inLanguage\":\"sl-SI\",\"@id\":\"https:\/\/i-vent.com\/si\/#\/schema\/logo\/image\/\",\"url\":\"https:\/\/i-vent.com\/si\/wp-content\/uploads\/2025\/03\/i-Vent_696x696.jpg\",\"contentUrl\":\"https:\/\/i-vent.com\/si\/wp-content\/uploads\/2025\/03\/i-Vent_696x696.jpg\",\"width\":696,\"height\":696,\"caption\":\"i-Vent\"},\"image\":{\"@id\":\"https:\/\/i-vent.com\/si\/#\/schema\/logo\/image\/\"},\"sameAs\":[\"https:\/\/www.facebook.com\/iVent.slovenija\/\"]}]}<\/script>\n<!-- \/ Yoast SEO plugin. -->","yoast_head_json":{"title":"Jesen v zraku, sve\u017eina v domu - i-Vent.com","description":"To poletje je idealen \u010das, da za\u017eivite v zdravih bivalnih pogojih. Odlo\u010dite se za pametni prezra\u010devalni sistem i-Vent in izbrali boste \u0161ampiona brez konkurence.Izkoristite akcijsko ponudbo, v kateri vam je pametna prezra\u010devalna enota z rekuperacijo toplote i-Vent na voljo do kar 60 % ceneje.Nalo\u017eba v i-Vent je nalo\u017eba v prijetno in zdravo bivalno okolje v vseh letnih \u010dasih.","robots":{"index":"noindex","follow":"nofollow"},"og_locale":"sl_SI","og_type":"article","og_title":"Jesen v zraku, sve\u017eina v domu - i-Vent.com","og_description":"To poletje je idealen \u010das, da za\u017eivite v zdravih bivalnih pogojih. Odlo\u010dite se za pametni prezra\u010devalni sistem i-Vent in izbrali boste \u0161ampiona brez konkurence.Izkoristite akcijsko ponudbo, v kateri vam je pametna prezra\u010devalna enota z rekuperacijo toplote i-Vent na voljo do kar 60 % ceneje.Nalo\u017eba v i-Vent je nalo\u017eba v prijetno in zdravo bivalno okolje v vseh letnih \u010dasih.","og_url":"https:\/\/i-vent.com\/si\/jesen-v-zraku-svezina-v-domu\/","og_site_name":"i-Vent.com","article_publisher":"https:\/\/www.facebook.com\/iVent.slovenija\/","article_modified_time":"2026-02-19T05:49:53+00:00","og_image":[{"width":1200,"height":630,"url":"https:\/\/i-vent.com\/si\/wp-content\/uploads\/2025\/03\/i-vent_og.jpg","type":"image\/jpeg"}],"twitter_card":"summary_large_image","twitter_misc":{"Est. reading time":"1 minuta"},"schema":{"@context":"https:\/\/schema.org","@graph":[{"@type":"WebPage","@id":"https:\/\/i-vent.com\/si\/jesen-v-zraku-svezina-v-domu\/","url":"https:\/\/i-vent.com\/si\/jesen-v-zraku-svezina-v-domu\/","name":"Jesen v zraku, sve\u017eina v domu - i-Vent.com","isPartOf":{"@id":"https:\/\/i-vent.com\/si\/#website"},"datePublished":"2025-03-10T09:27:40+00:00","dateModified":"2026-02-19T05:49:53+00:00","description":"To poletje je idealen \u010das, da za\u017eivite v zdravih bivalnih pogojih. Odlo\u010dite se za pametni prezra\u010devalni sistem i-Vent in izbrali boste \u0161ampiona brez konkurence.Izkoristite akcijsko ponudbo, v kateri vam je pametna prezra\u010devalna enota z rekuperacijo toplote i-Vent na voljo do kar 60 % ceneje.Nalo\u017eba v i-Vent je nalo\u017eba v prijetno in zdravo bivalno okolje v vseh letnih \u010dasih.","breadcrumb":{"@id":"https:\/\/i-vent.com\/si\/jesen-v-zraku-svezina-v-domu\/#breadcrumb"},"inLanguage":"sl-SI","potentialAction":[{"@type":"ReadAction","target":["https:\/\/i-vent.com\/si\/jesen-v-zraku-svezina-v-domu\/"]}]},{"@type":"BreadcrumbList","@id":"https:\/\/i-vent.com\/si\/jesen-v-zraku-svezina-v-domu\/#breadcrumb","itemListElement":[{"@type":"ListItem","position":1,"name":"Domov","item":"https:\/\/i-vent.com\/si\/"},{"@type":"ListItem","position":2,"name":"Jesen v zraku, sve\u017eina v domu"}]},{"@type":"WebSite","@id":"https:\/\/i-vent.com\/si\/#website","url":"https:\/\/i-vent.com\/si\/","name":"i-Vent","description":"Specialisti za prezra\u010devanje","publisher":{"@id":"https:\/\/i-vent.com\/si\/#organization"},"alternateName":"i-Vent","potentialAction":[{"@type":"SearchAction","target":{"@type":"EntryPoint","urlTemplate":"https:\/\/i-vent.com\/si\/?s={search_term_string}"},"query-input":{"@type":"PropertyValueSpecification","valueRequired":true,"valueName":"search_term_string"}}],"inLanguage":"sl-SI"},{"@type":"Organization","@id":"https:\/\/i-vent.com\/si\/#organization","name":"i-Vent","alternateName":"i-Vent d.o.o.","url":"https:\/\/i-vent.com\/si\/","logo":{"@type":"ImageObject","inLanguage":"sl-SI","@id":"https:\/\/i-vent.com\/si\/#\/schema\/logo\/image\/","url":"https:\/\/i-vent.com\/si\/wp-content\/uploads\/2025\/03\/i-Vent_696x696.jpg","contentUrl":"https:\/\/i-vent.com\/si\/wp-content\/uploads\/2025\/03\/i-Vent_696x696.jpg","width":696,"height":696,"caption":"i-Vent"},"image":{"@id":"https:\/\/i-vent.com\/si\/#\/schema\/logo\/image\/"},"sameAs":["https:\/\/www.facebook.com\/iVent.slovenija\/"]}]}},"_links":{"self":[{"href":"https:\/\/i-vent.com\/si\/wp-json\/wp\/v2\/pages\/27119","targetHints":{"allow":["GET"]}}],"collection":[{"href":"https:\/\/i-vent.com\/si\/wp-json\/wp\/v2\/pages"}],"about":[{"href":"https:\/\/i-vent.com\/si\/wp-json\/wp\/v2\/types\/page"}],"author":[{"embeddable":true,"href":"https:\/\/i-vent.com\/si\/wp-json\/wp\/v2\/users\/1"}],"replies":[{"embeddable":true,"href":"https:\/\/i-vent.com\/si\/wp-json\/wp\/v2\/comments?post=27119"}],"version-history":[{"count":0,"href":"https:\/\/i-vent.com\/si\/wp-json\/wp\/v2\/pages\/27119\/revisions"}],"wp:attachment":[{"href":"https:\/\/i-vent.com\/si\/wp-json\/wp\/v2\/media?parent=27119"}],"curies":[{"name":"wp","href":"https:\/\/api.w.org\/{rel}","templated":true}]}}