{"id":27108,"date":"2025-03-10T10:07:36","date_gmt":"2025-03-10T09:07:36","guid":{"rendered":"https:\/\/i-vent.com\/si\/?page_id=27108"},"modified":"2026-02-19T06:58:25","modified_gmt":"2026-02-19T05:58:25","slug":"prezracimo-slovenijo-in-svet","status":"publish","type":"page","link":"https:\/\/i-vent.com\/si\/prezracimo-slovenijo-in-svet\/","title":{"rendered":"Prezra\u010dimo Slovenijo in svet"},"content":{"rendered":"<p>PREZRA\u010cIMO SLOVENIJO IN SVET<br \/>\nKaj ni \u017ee \u010das, da v svojem domu (za)dihate bolj\u0161i zrak?<br \/>\nJesen je tukaj. Dnevi bodo vedno kraj\u0161i, kar pomeni, da boste vse ve\u010d \u010dasa pre\u017eiveli v notranjih prostorih. Zato je zares pomembno, da poskrbite ne le za udobne, ampak tudi zdrave bivalne pogoje.<\/p>\n<p>A dejstvo je, da se \u0161e vedno ogromno slovenskih domov soo\u010da z razli\u010dnimi tegobami, kot so \u010dezmerna vlaga, zatohel zrak in nastanek zdravju zelo nevarne plesni.<\/p>\n<p>Re\u0161itev za to, da boste v svojem domu dihali \u010dist in sve\u017e zrak, je vgradnja decentralnega prezra\u010devalnega sistema i-Vent, ki v prostor stalno dovaja sve\u017e zrak, iz njega pa odvaja izrabljenega skupaj z vsemi ostalimi \u0161kodljivimi snovmi in tako namesto vas poskrbi za nadzorovano prezra\u010devanje ter optimalno mikroklimo v notranjih prostorih.<\/p>\n<p>Zahvaljujo\u010d prezra\u010devalnim sistemom i-Vent boste za\u017eiveli v bolj zdravem bivalnem okolju \u2013 brez \u010dezmerne vlage, neprijetnega vonja in celo plesni.<\/p>\n<p>\u010cas je, da skrb zase postavite na prvo mesto in se pridru\u017eite \u017ee ve\u010d kot 100.000 zadovoljnim uporabnikom prezra\u010devalnih sistemov i-Vent ter za\u017eivite v zdravem domu.<\/p>\n<p>Posebna akcija \u2013 Prezra\u010dimo Slovenijo in svet!<br \/>\nZa za\u010detek jeseni smo pripravili posebno akcijo, v kateri vam na na\u0161o pametno prezra\u010devalno enoto i-Vent in vse njene elemente ponujamo kar 40 % popusta.<\/p>\n<p>In \u0161e ve\u010d: Poleg popusta vam v sodelovanju z Leanpay omogo\u010damo tudi pla\u010dilo na obroke.<\/p>\n<p>Ker si zaslu\u017eite dihati bolj\u0161i zrak.<br \/>\nAkcija velja do 31. 10. 2023.<br \/>\n* 20 % popusta i-Vent + 20 % popusta Eko sklad<\/p>\n<p>Sve\u017eina \u0161e nikoli ni bila tako dostopna kot prav v leto\u0161njem prazni\u010dnem \u010dasu!<br \/>\nV decembru smo pripravili posebno akcijo, v kateri sta vam vrhunski prezra\u010devalni enoti i-Vent in Silvento V-EC na voljo kar 50 % ceneje.<\/p>\n<p>In kar je najbolj\u0161e: Poleg popusta vam v sodelovanju z Leanpay omogo\u010damo tudi pla\u010dilo na obroke.<\/p>\n<p>Pohitite in prehitite dobre mo\u017ee!<br \/>\nAkcija velja od 1. do 31. 12. 2022.<br \/>\n* 30 % popusta Lunos + 20 % popusta Eko sklad<\/p>\n<p>Zakaj izbrati i-Vent?<br \/>\n\u2705 Cenovno ugodno<br \/>\n\u2705 Izkori\u0161\u010denost nad 90 %<br \/>\n\u2705 Energetsko u\u010dinkovito<br \/>\n\u2705 Enostavna vgradnja<\/p>\n<p>&nbsp;<\/p>\n","protected":false},"excerpt":{"rendered":"<p>PREZRA\u010cIMO SLOVENIJO IN SVET Kaj ni \u017ee \u010das, da v svojem domu (za)dihate bolj\u0161i zrak? Jesen je tukaj. Dnevi bodo vedno kraj\u0161i, kar pomeni, da boste vse ve\u010d \u010dasa pre\u017eiveli v notranjih prostorih. Zato je zares pomembno, da poskrbite ne le&#8230;<\/p>\n","protected":false},"author":1,"featured_media":0,"parent":0,"menu_order":0,"comment_status":"closed","ping_status":"closed","template":"","meta":{"footnotes":""},"class_list":["post-27108","page","type-page","status-publish","hentry"],"yoast_head":"<!-- This site is optimized with the Yoast SEO plugin v27.1.1 - https:\/\/yoast.com\/product\/yoast-seo-wordpress\/ -->\n<title>Prezra\u010dimo Slovenijo in svet - i-Vent.com<\/title>\n<meta name=\"description\" content=\"Za za\u010detek jeseni smo pripravili posebno akcijo, v kateri vam na na\u0161o pametno prezra\u010devalno enoto i-Vent in vse njene elemente ponujamo kar 40 % popusta*. In \u0161e ve\u010d: Poleg popusta vam v sodelovanju z Leanpay omogo\u010damo tudi pla\u010dilo na obroke. Ker si zaslu\u017eite dihati bolj\u0161i zrak.\" \/>\n<meta name=\"robots\" content=\"noindex, nofollow\" \/>\n<meta property=\"og:locale\" content=\"sl_SI\" \/>\n<meta property=\"og:type\" content=\"article\" \/>\n<meta property=\"og:title\" content=\"Prezra\u010dimo Slovenijo in svet - i-Vent.com\" \/>\n<meta property=\"og:description\" content=\"Za za\u010detek jeseni smo pripravili posebno akcijo, v kateri vam na na\u0161o pametno prezra\u010devalno enoto i-Vent in vse njene elemente ponujamo kar 40 % popusta*. In \u0161e ve\u010d: Poleg popusta vam v sodelovanju z Leanpay omogo\u010damo tudi pla\u010dilo na obroke. Ker si zaslu\u017eite dihati bolj\u0161i zrak.\" \/>\n<meta property=\"og:url\" content=\"https:\/\/i-vent.com\/si\/prezracimo-slovenijo-in-svet\/\" \/>\n<meta property=\"og:site_name\" content=\"i-Vent.com\" \/>\n<meta property=\"article:publisher\" content=\"https:\/\/www.facebook.com\/iVent.slovenija\/\" \/>\n<meta property=\"article:modified_time\" content=\"2026-02-19T05:58:25+00:00\" \/>\n<meta property=\"og:image\" content=\"https:\/\/i-vent.com\/si\/wp-content\/uploads\/2025\/03\/i-vent_og.jpg\" \/>\n\t<meta property=\"og:image:width\" content=\"1200\" \/>\n\t<meta property=\"og:image:height\" content=\"630\" \/>\n\t<meta property=\"og:image:type\" content=\"image\/jpeg\" \/>\n<meta name=\"twitter:card\" content=\"summary_large_image\" \/>\n<meta name=\"twitter:label1\" content=\"Est. reading time\" \/>\n\t<meta name=\"twitter:data1\" content=\"2 minuti\" \/>\n<script type=\"application\/ld+json\" class=\"yoast-schema-graph\">{\"@context\":\"https:\/\/schema.org\",\"@graph\":[{\"@type\":\"WebPage\",\"@id\":\"https:\/\/i-vent.com\/si\/prezracimo-slovenijo-in-svet\/\",\"url\":\"https:\/\/i-vent.com\/si\/prezracimo-slovenijo-in-svet\/\",\"name\":\"Prezra\u010dimo Slovenijo in svet - i-Vent.com\",\"isPartOf\":{\"@id\":\"https:\/\/i-vent.com\/si\/#website\"},\"datePublished\":\"2025-03-10T09:07:36+00:00\",\"dateModified\":\"2026-02-19T05:58:25+00:00\",\"description\":\"Za za\u010detek jeseni smo pripravili posebno akcijo, v kateri vam na na\u0161o pametno prezra\u010devalno enoto i-Vent in vse njene elemente ponujamo kar 40 % popusta*. In \u0161e ve\u010d: Poleg popusta vam v sodelovanju z Leanpay omogo\u010damo tudi pla\u010dilo na obroke. Ker si zaslu\u017eite dihati bolj\u0161i zrak.\",\"breadcrumb\":{\"@id\":\"https:\/\/i-vent.com\/si\/prezracimo-slovenijo-in-svet\/#breadcrumb\"},\"inLanguage\":\"sl-SI\",\"potentialAction\":[{\"@type\":\"ReadAction\",\"target\":[\"https:\/\/i-vent.com\/si\/prezracimo-slovenijo-in-svet\/\"]}]},{\"@type\":\"BreadcrumbList\",\"@id\":\"https:\/\/i-vent.com\/si\/prezracimo-slovenijo-in-svet\/#breadcrumb\",\"itemListElement\":[{\"@type\":\"ListItem\",\"position\":1,\"name\":\"Domov\",\"item\":\"https:\/\/i-vent.com\/si\/\"},{\"@type\":\"ListItem\",\"position\":2,\"name\":\"Prezra\u010dimo Slovenijo in svet\"}]},{\"@type\":\"WebSite\",\"@id\":\"https:\/\/i-vent.com\/si\/#website\",\"url\":\"https:\/\/i-vent.com\/si\/\",\"name\":\"i-Vent\",\"description\":\"Specialisti za prezra\u010devanje\",\"publisher\":{\"@id\":\"https:\/\/i-vent.com\/si\/#organization\"},\"alternateName\":\"i-Vent\",\"potentialAction\":[{\"@type\":\"SearchAction\",\"target\":{\"@type\":\"EntryPoint\",\"urlTemplate\":\"https:\/\/i-vent.com\/si\/?s={search_term_string}\"},\"query-input\":{\"@type\":\"PropertyValueSpecification\",\"valueRequired\":true,\"valueName\":\"search_term_string\"}}],\"inLanguage\":\"sl-SI\"},{\"@type\":\"Organization\",\"@id\":\"https:\/\/i-vent.com\/si\/#organization\",\"name\":\"i-Vent\",\"alternateName\":\"i-Vent d.o.o.\",\"url\":\"https:\/\/i-vent.com\/si\/\",\"logo\":{\"@type\":\"ImageObject\",\"inLanguage\":\"sl-SI\",\"@id\":\"https:\/\/i-vent.com\/si\/#\/schema\/logo\/image\/\",\"url\":\"https:\/\/i-vent.com\/si\/wp-content\/uploads\/2025\/03\/i-Vent_696x696.jpg\",\"contentUrl\":\"https:\/\/i-vent.com\/si\/wp-content\/uploads\/2025\/03\/i-Vent_696x696.jpg\",\"width\":696,\"height\":696,\"caption\":\"i-Vent\"},\"image\":{\"@id\":\"https:\/\/i-vent.com\/si\/#\/schema\/logo\/image\/\"},\"sameAs\":[\"https:\/\/www.facebook.com\/iVent.slovenija\/\"]}]}<\/script>\n<!-- \/ Yoast SEO plugin. -->","yoast_head_json":{"title":"Prezra\u010dimo Slovenijo in svet - i-Vent.com","description":"Za za\u010detek jeseni smo pripravili posebno akcijo, v kateri vam na na\u0161o pametno prezra\u010devalno enoto i-Vent in vse njene elemente ponujamo kar 40 % popusta*. In \u0161e ve\u010d: Poleg popusta vam v sodelovanju z Leanpay omogo\u010damo tudi pla\u010dilo na obroke. Ker si zaslu\u017eite dihati bolj\u0161i zrak.","robots":{"index":"noindex","follow":"nofollow"},"og_locale":"sl_SI","og_type":"article","og_title":"Prezra\u010dimo Slovenijo in svet - i-Vent.com","og_description":"Za za\u010detek jeseni smo pripravili posebno akcijo, v kateri vam na na\u0161o pametno prezra\u010devalno enoto i-Vent in vse njene elemente ponujamo kar 40 % popusta*. In \u0161e ve\u010d: Poleg popusta vam v sodelovanju z Leanpay omogo\u010damo tudi pla\u010dilo na obroke. Ker si zaslu\u017eite dihati bolj\u0161i zrak.","og_url":"https:\/\/i-vent.com\/si\/prezracimo-slovenijo-in-svet\/","og_site_name":"i-Vent.com","article_publisher":"https:\/\/www.facebook.com\/iVent.slovenija\/","article_modified_time":"2026-02-19T05:58:25+00:00","og_image":[{"width":1200,"height":630,"url":"https:\/\/i-vent.com\/si\/wp-content\/uploads\/2025\/03\/i-vent_og.jpg","type":"image\/jpeg"}],"twitter_card":"summary_large_image","twitter_misc":{"Est. reading time":"2 minuti"},"schema":{"@context":"https:\/\/schema.org","@graph":[{"@type":"WebPage","@id":"https:\/\/i-vent.com\/si\/prezracimo-slovenijo-in-svet\/","url":"https:\/\/i-vent.com\/si\/prezracimo-slovenijo-in-svet\/","name":"Prezra\u010dimo Slovenijo in svet - i-Vent.com","isPartOf":{"@id":"https:\/\/i-vent.com\/si\/#website"},"datePublished":"2025-03-10T09:07:36+00:00","dateModified":"2026-02-19T05:58:25+00:00","description":"Za za\u010detek jeseni smo pripravili posebno akcijo, v kateri vam na na\u0161o pametno prezra\u010devalno enoto i-Vent in vse njene elemente ponujamo kar 40 % popusta*. In \u0161e ve\u010d: Poleg popusta vam v sodelovanju z Leanpay omogo\u010damo tudi pla\u010dilo na obroke. Ker si zaslu\u017eite dihati bolj\u0161i zrak.","breadcrumb":{"@id":"https:\/\/i-vent.com\/si\/prezracimo-slovenijo-in-svet\/#breadcrumb"},"inLanguage":"sl-SI","potentialAction":[{"@type":"ReadAction","target":["https:\/\/i-vent.com\/si\/prezracimo-slovenijo-in-svet\/"]}]},{"@type":"BreadcrumbList","@id":"https:\/\/i-vent.com\/si\/prezracimo-slovenijo-in-svet\/#breadcrumb","itemListElement":[{"@type":"ListItem","position":1,"name":"Domov","item":"https:\/\/i-vent.com\/si\/"},{"@type":"ListItem","position":2,"name":"Prezra\u010dimo Slovenijo in svet"}]},{"@type":"WebSite","@id":"https:\/\/i-vent.com\/si\/#website","url":"https:\/\/i-vent.com\/si\/","name":"i-Vent","description":"Specialisti za prezra\u010devanje","publisher":{"@id":"https:\/\/i-vent.com\/si\/#organization"},"alternateName":"i-Vent","potentialAction":[{"@type":"SearchAction","target":{"@type":"EntryPoint","urlTemplate":"https:\/\/i-vent.com\/si\/?s={search_term_string}"},"query-input":{"@type":"PropertyValueSpecification","valueRequired":true,"valueName":"search_term_string"}}],"inLanguage":"sl-SI"},{"@type":"Organization","@id":"https:\/\/i-vent.com\/si\/#organization","name":"i-Vent","alternateName":"i-Vent d.o.o.","url":"https:\/\/i-vent.com\/si\/","logo":{"@type":"ImageObject","inLanguage":"sl-SI","@id":"https:\/\/i-vent.com\/si\/#\/schema\/logo\/image\/","url":"https:\/\/i-vent.com\/si\/wp-content\/uploads\/2025\/03\/i-Vent_696x696.jpg","contentUrl":"https:\/\/i-vent.com\/si\/wp-content\/uploads\/2025\/03\/i-Vent_696x696.jpg","width":696,"height":696,"caption":"i-Vent"},"image":{"@id":"https:\/\/i-vent.com\/si\/#\/schema\/logo\/image\/"},"sameAs":["https:\/\/www.facebook.com\/iVent.slovenija\/"]}]}},"_links":{"self":[{"href":"https:\/\/i-vent.com\/si\/wp-json\/wp\/v2\/pages\/27108","targetHints":{"allow":["GET"]}}],"collection":[{"href":"https:\/\/i-vent.com\/si\/wp-json\/wp\/v2\/pages"}],"about":[{"href":"https:\/\/i-vent.com\/si\/wp-json\/wp\/v2\/types\/page"}],"author":[{"embeddable":true,"href":"https:\/\/i-vent.com\/si\/wp-json\/wp\/v2\/users\/1"}],"replies":[{"embeddable":true,"href":"https:\/\/i-vent.com\/si\/wp-json\/wp\/v2\/comments?post=27108"}],"version-history":[{"count":0,"href":"https:\/\/i-vent.com\/si\/wp-json\/wp\/v2\/pages\/27108\/revisions"}],"wp:attachment":[{"href":"https:\/\/i-vent.com\/si\/wp-json\/wp\/v2\/media?parent=27108"}],"curies":[{"name":"wp","href":"https:\/\/api.w.org\/{rel}","templated":true}]}}