{"id":25747,"date":"2025-02-28T12:13:06","date_gmt":"2025-02-28T11:13:06","guid":{"rendered":"https:\/\/i-vent.com\/si\/?page_id=25747"},"modified":"2026-02-19T07:01:41","modified_gmt":"2026-02-19T06:01:41","slug":"splosni-pogoji","status":"publish","type":"page","link":"https:\/\/i-vent.com\/si\/splosni-pogoji\/","title":{"rendered":"Splo\u0161ni pogoji"},"content":{"rendered":"\t\t<div data-elementor-type=\"wp-page\" data-elementor-id=\"25747\" class=\"elementor elementor-25747\" data-elementor-post-type=\"page\">\n\t\t\t\t<div class=\"elementor-element elementor-element-4e92eb7 e-flex e-con-boxed e-con e-parent\" data-id=\"4e92eb7\" data-element_type=\"container\" data-e-type=\"container\">\n\t\t\t\t\t<div class=\"e-con-inner\">\n\t\t\t\t<div class=\"elementor-element elementor-element-4933050 elementor-widget elementor-widget-text-editor\" data-id=\"4933050\" data-element_type=\"widget\" data-e-type=\"widget\" data-widget_type=\"text-editor.default\">\n\t\t\t\t<div class=\"elementor-widget-container\">\n\t\t\t\t\t\t\t\t\t<h2>Splo\u0161ni pogoji<\/h2><p>Vsa vsebina na strani in podstraneh spletnega mesta i-vent.com je avtorsko za\u0161\u010ditena. Spletno mesto (vklju\u010dno z vsemi njenimi podstranmi) je samo za lastno uporabo in splo\u0161no informiranje. V primeru uporabe spletnega mesta (brskanje, pridobivanje informacij, uporaba aplikacije, ipd.) velja, da se strinjate s splo\u0161nimi pogoji poslovanja, navedenimi na tej strani. V primeru, da se s splo\u0161nimi pogoji ne strinjate, velja, da spletnega mesta (brskanje, pridobivanje informacij, nakup ipd.) ne smete uporabljati. Pridr\u017eujemo si pravico do spremembe splo\u0161nih pogojev, kadarkoli in brez predhodnega obvestila. Vse spremembe v veljavnost stopijo takoj po spremembi. Varstvo podatkov, kot navedeno na tem spletnem mestu, je sestavni del splo\u0161nih pogojev.<\/p><p>Velja, da so sestavni del splo\u0161nih pogojev tudi:<\/p><ul><li><a href=\"https:\/\/i-vent.com\/si\/varovanje-podatkov\/\"><u>Varstvo osebnih podatkov in zasebnost<\/u><\/a><\/li><li><a href=\"https:\/\/i-vent.com\/si\/piskotki\/\">Spletni pi\u0161kotki<\/a>\u00a0(informacije o njih in katere uporabljamo)<\/li><\/ul><h3>Avtorske pravice<\/h3><p>Oblika spletnega mesta in vse njene vsebine, v kolikor ni druga\u010de navedeno, so za\u0161\u010ditene s pravicami avtorske, industrijske in intelektualne lastnine. Programska koda, informacije, besedila, slike, ali druge grafi\u010dne elemente, ki jih najdete na tej spletni strani, lahko uporabite izklju\u010dno za svojo osebno, nekomercialno rabo, pod \u010dimer razumemo ogledovanje, ter je ne smete, ne v celoti ne delno, uporabiti, reproducirati, spremeniti, prena\u0161ati, odobriti ali objaviti v celoti ali po delih, razpo\u0161iljati, licencirati ali izdati v obliki publikacij v kakr\u0161nekoli namene brez predhodnega pisnega dovoljenja upravitelja in\/ali lastnika spletnega mesta.<\/p><h3>Opredelitev pojmov<\/h3><p>Upravitelj spletnega mesta je podjetje ali posameznik, ki je hkrati tudi lastnik spletnega mesta in samostojno ali v sodelovanju z zunanjimi izvajalci skrbi za pravilno delovanje spletnega mesta.<\/p><p>Skrbnik ali vzdr\u017eevalec spletnega mesta je podjetje ali posameznik, ki je od upravitelja spletnega mesta poobla\u0161\u010den za vzdr\u017eevanje, spremembe, dopolnitve na spletnem mestu in jih izvaja po navodilih upravitelja.<\/p><p>Osebni podatki pomenijo katerokoli informacijo v zvezi z dolo\u010denim ali dolo\u010dljivim posameznikom (v nadaljevanju posameznik, na katerega se nana\u0161ajo osebni podatki). Dolo\u010dljiv posameznik je tisti, ki ga je mo\u017eno neposredno ali posredno dolo\u010diti, zlasti z navedbo identifikatorja, kot je ime, naslov, podatki o lokaciji ali drugo.<\/p><p>Obdelava podatkov pomeni vsako dejanje ali niz dejanj, ki se izvajajo v zvezi z osebnimi podatki ali nizi osebnih podatkov z avtomatiziranimi sredstvi ali brez njih, kot so zbiranje, bele\u017eenje, urejanje, strukturiranje, shranjevanje, prilagajanje ali spreminjanje, priklic, vpogled, uporaba, razkritje s posredovanjem, raz\u0161irjanje ali druga\u010dno omogo\u010danje dostopa, prilagajanje ali kombiniranje, omejevanje, izbris ali uni\u010denje.<\/p><p>Upravljavec osebnih podatkov pomeni fizi\u010dno ali pravno osebo, javni organ, agencijo ali drugo telo, ki samo ali skupaj z drugimi dolo\u010da namene in sredstva obdelave.<\/p><p>Obdelovalec osebnih podatkov pomeni fizi\u010dno ali pravno osebo, javni organ, agencijo ali drugo telo, ki obdeluje osebne podatke v imenu in po navodilih upravljavca.<\/p><p>Uporabnik osebnih podatkov pomeni fizi\u010dno ali pravno osebo, javni organ, agencijo ali drugo telo, ki so mu bili osebni podatki razkriti, ne glede na to, ali je tretja oseba ali ne.<\/p><h3>Splo\u0161ne dolo\u010dbe<\/h3><p>Upravitelj spletnega mesta bo posku\u0161al zagotavljati a\u017eurnost in to\u010dnost podatkov na spletnem mestu, vendar ne prevzema nobenih garancij o njihovi to\u010dnosti in\/ali a\u017eurnosti. Upravitelj spletnega mesta prav tako lahko zagotavlja fotografije izdelkov in storitev, za katere velja, da so simboli\u010dne narave in ni nujno, da zagotavljajo lastnosti izdelkov in\/ali storitev. Objavljene vsebine nimajo zna\u010daja uradnega dokumenta, razen kadar je to posebej navedeno. Upravitelj si pridr\u017euje pravico, da kadarkoli in brez predhodnega obvestila iz tehni\u010dnih, pravnih, poslovnih ali drugih razlogov spremeni vsebino spletnega mesta. Vse vsebine lahko upravitelj spreminja brez obveznosti o obve\u0161\u010danju uporabnikov in ne odgovarja za posledice povzro\u010denih sprememb.<\/p><p>Upravitelj spletnega mesta skrbi, da so vse storitve na voljo 24 ur na dan 7 dni v tednu, vendar ne jam\u010di, da bodo elektronske storitve delovale brez prekinitev, brez te\u017eav, pomot ali napak, prav tako tudi ne jam\u010di za uspe\u0161nost uporabe teh storitev. Izklju\u010dena je vsakr\u0161na kazenska in civilna odgovornost za izgubo ali okrnjeno dostopnost podatkov ali kakr\u0161nokoli drugo slu\u010dajno, posredno, posebno ali posledi\u010dno \u0161kodo, ki bi izvirala iz uporabe ali morebitne nezmo\u017enosti uporabe spletnega mesta, vklju\u010dno in brez omejitev glede izgubljenega prihodka ali pri\u010dakovanega dobi\u010dka, izgube dobrega imena, poslov ali podatkov, tehni\u010dnih napak, napak pri cenah, dobavnih rokih, opisih izdelkov, opisih storitev ali napa\u010dnega delovanja spletnega mesta.<\/p><p>V zakonsko dovoljenem obsegu je prav tako izklju\u010dena vsaka odgovornost lastnika, upravitelja ali katerekoli druge pravne ali fizi\u010dne osebe, ki je sodelovala pri nastanku in izdelavi spletnega mesta i-vent.com ter katerekoli druge pravne ali fizi\u010dne osebe, ki je na kakr\u0161enkoli na\u010din povezana s spletnim mestom i-vent.com.<\/p><h3>Pi\u0161kotki<\/h3><p>Spletna stran vsebuje t. i. pi\u0161kotke (Cookies) zaradi uresni\u010devanja namena nemotenega delovanja strani. Upravljavec ne zbira nobenih osebnih podatkov o obiskovalcih spletne strani, razen podatkov, navedenih v splo\u0161nih pogojih.\u00a0<\/p><p>Pi\u0161kotek, znan tudi kot HTTP-pi\u0161kotek, je del\u010dek informacij, ki jih spletne strani shranijo na uporabnikov spletni brskalnik med brskanjem. Ko uporabnik obi\u0161\u010de stran naslednji\u010d, spletni brskalnik posreduje ta del\u010dek informacij nazaj spletni strani, ki je to informacijo shranila.\u00a0<\/p><p>Uporablja jih \u017ee ve\u010dina sodobnih spletnih strani.<\/p><p>Sami po sebi pi\u0161kotki niso \u0161kodljivi, saj se uporabljajo za razli\u010dne namene in bi bila brez njih uporaba spletnih strani zelo okrnjena. Uporabljajo se za prijavljanje v razne spletne strani z uporabni\u0161kim imenom in geslom, shranjevanje ko\u0161arice v spletnih trgovinah, vodenje statistike obiska spletnih strani, itd.<\/p><p>Pi\u0161kotki imajo tudi svojo \u017eivljenjsko dobo, ki se razlikuje glede na naloge pi\u0161kotka. Pi\u0161kotek se lahko shrani za nekaj minut, ur ali celo za neomejen \u010das.<\/p><p>Vi odlo\u010dite, ali boste dovolili shranjevanje pi\u0161kotkov na va\u0161i napravi. Nastavitve za pi\u0161kotke lahko nadzirate in spreminjate v va\u0161em spletnem brskalniku.<\/p><p>Za informacije o nastavitvah za pi\u0161kotke izberite spletni brskalnik, ki ga uporabljate.<\/p><ul><li><a href=\"https:\/\/support.google.com\/chrome\/answer\/95647?hl=sl-sl&amp;p=cpn_cookies\" target=\"_blank\" rel=\"noopener\" data-link=\"https:\/\/support.google.com\/chrome\/answer\/95647?hl=sl-sl&amp;p=cpn_cookies\">Chrome<\/a><\/li><li><a href=\"http:\/\/support.mozilla.org\/sl\/kb\/Kako%20aktivirate%20in%20deaktivirate%20pi%C5%A1kote\" target=\"_blank\" rel=\"noopener\" data-link=\"http:\/\/support.mozilla.org\/sl\/kb\/Kako%20aktivirate%20in%20deaktivirate%20pi%C5%A1kote\">Firefox<\/a><\/li><li><a href=\"http:\/\/windows.microsoft.com\/sl-si\/windows7\/how-to-manage-cookies-in-internet-explorer-9\" target=\"_blank\" rel=\"noopener\" data-link=\"http:\/\/windows.microsoft.com\/sl-si\/windows7\/how-to-manage-cookies-in-internet-explorer-9\">Internet Explorer 9<\/a><\/li><li><a href=\"http:\/\/windows.microsoft.com\/sl-si\/windows-vista\/block-or-allow-cookies\" target=\"_blank\" rel=\"noopener\" data-link=\"http:\/\/windows.microsoft.com\/sl-si\/windows-vista\/block-or-allow-cookies\">Internet Explorer 7 ali 8<\/a><\/li><li><a href=\"http:\/\/www.opera.com\/help\/tutorials\/security\/cookies\/\" target=\"_blank\" rel=\"noopener\" data-link=\"http:\/\/www.opera.com\/help\/tutorials\/security\/cookies\/\">Opera (stran v angle\u0161kem jeziku)<\/a><\/li><li><a href=\"https:\/\/support.apple.com\/en-us\/105082\" target=\"_blank\" rel=\"noopener\" data-link=\"https:\/\/support.apple.com\/kb\/ph21411\">Safari (stran v angle\u0161kem jeziku)<\/a><\/li><\/ul><p>\u010ce pi\u0161kotke izklju\u010dite, so lahko nekatere mo\u017enosti spletne strani onemogo\u010dene. Z uporabo spletne strani se strinjate tudi z uporabo pi\u0161kotkov, razen da jih onemogo\u010dite.<\/p><h3>Varovanje osebnih podatkov<\/h3><p>Upravitelj spletnega mesta i-vent.com se pri svojem poslovanju zavzema za korektno in varno uporabo osebnih podatkov. Osebni podatki, ki jih uporabnik posreduje preko obrazcev na spletnem mestu i-vent.com ali kako druga\u010de (po telefonu, preko e-po\u0161te, idr.), so strogo zaupni in se obravnavajo kot zaupne informacije, zato brez pravne podlage ne bodo posredovani nepoobla\u0161\u010denim tretjim osebam.<\/p><p>Osebni podatki se ne tretirajo kot ob\u010dutljivi podatki.<\/p><h3>Soglasje za obdelavo in varovanje osebnih podatkov<\/h3><p>Uporabnik spletnega mesta i-vent.com izrecno sogla\u0161a, da se za namen uporabe spletnega mesta in zagotavljanja elektronskih storitev, s tem povezanega upravljanja sistema ter obve\u0161\u010danja uporabnika, zbirajo in obdelujejo osebni podatki uporabnika. Zbirajo se samo podatki, potrebni za pravilno izvedbo storitev in komunikacijo med upraviteljem in\/ali lastnikom ter uporabniki spletnega mesta. Pridr\u017eujemo si pravico tako pridobljene podatke in v skladu s splo\u0161nimi pogoji, kot objavljenimi na tem spletnem mestu, tudi vse ostale podatke uporabljati nepretrgoma in brez omejitev za potrebe upravitelja, lastnika ali ponudnika, kot je navedeno v splo\u0161nih pogojih, dokler uporabnik spletnega mesta temu izrecno ne nasprotuje.<\/p><p>Osebni podatki, pridobljeni na spletni strani, so pridobljeni na na\u010din, skladen z uredbo evropskega parlamenta GDPR, pri \u010demer velja, da se s potrditvijo splo\u0161nih pogojev uporabnik strinja in podaja izrecno dovoljenje za uporabo posredovanih osebnih podatkov za namene nadaljnje komunikacije med upraviteljem in uporabnikom. Velja, da je uporabnik seznanjen z namenom obdelave osebnih podatkov, dostopnostjo osebnih podatkov in mo\u017enostjo izbrisa.<\/p><p>\u0160e posebej se uporabnik strinja z obdelavo osebnih podatkov za potrebe izvajanja pogodb in ukrepov pred sklenitvijo pogodbe, brez omejitev.<\/p><p>Za potrebe varnosti se izbirajo tudi IP-naslovi uporabnikov, ki dostopajo in uporabljajo spletno mesto i-vent.com.<\/p><p>Interni akt o varstvu podatkov, v kolikor obstoje\u010d, je sestavni del splo\u0161ni pogojev in je dostopen na sede\u017eu upravljavca.<\/p><h3>Osebna privolitev uporabnika<\/h3><p>Upravljavec zagotavlja mo\u017enost osebne privolitve uporabnika, kjer je to potrebno, brez vnaprej izpolnjenega potrditvenega okenca (v primeru direktnega kontakta preko elektronske po\u0161te, telefona, na podlagi spletnega mesta). Osebna privolitev uporabnika je njegova prostovoljna izjava volje, da se lahko njegovi osebni podatki obdelujejo za dolo\u010den namen, in je dana na podlagi informacij, ki mu jih zagotavlja upravljavec s temi splo\u0161nimi pogoji.<\/p><h3>Analiza in statistika<\/h3><p>Osebni podatki, pridobljeni na podlagi obiska spletnega mesta, se ne hranijo ali pa se hranijo v anonimni obliki in kot tak\u0161ni niso povezljivi z uporabniki. Orodje, ki s temi podatki razpolaga, je Google Analytics, skladno s tem velja, da je podjejte Google LLC v zakonsko dovoljenem obsegu obdelovalec podatkov. V primeru, da se obiskovalec s tem ne strinja, mu je v skladu s splo\u0161nimi pogoji prepovedana uporaba spletnega mesta i-vent.com. Tako pridobljeni podatki niso ob\u010dutljivi, ob obisku strani je obiskovalec tudi na to opozorjen.<\/p><h3>Hramba osebnih podatkov<\/h3><p>Podatki, ki jih zbira upravitelj spletnega mesta, se hranijo za potrebe upravitelja spletnega mesta v skladu s splo\u0161nimi pogoji. Osebni podatki se hranijo na spletnem mestu (kot povpra\u0161evanje) in v primeru nadaljnje komunikacije z uporabnikom v drugih bazah podjetja (CRM, Programska oprema za blagovno poslovanje, Excel).<\/p><p>Uporabnik lahko zahteva vpogled v svoje osebne podatke ali podatke o obdelavi njegovih osebnih podatkov s strani poobla\u0161\u010denih oseb s pisno pro\u0161njo, ki jo naslovi na elektronski naslov upravitelja spletnega mesta i-vent.com.<\/p><h3>Komuniciranje na daljavo<\/h3><p>Upravitelj spletnega mesta i-vent.com bo z uporabnikom stopil v stik s sredstvi komuniciranja na daljavo (elektronske novice, akcije, popusti ipd.), le \u010de ta temu ne bo izrecno nasprotoval. Pri tem bodo elektronska komercialna sporo\u010dila kot taka jasno razpoznavna, po\u0161iljatelj bo jasno razviden, pogoji za sprejem posebnih ponudb bodo nedvoumno ozna\u010deni, hkrati pa bo jasno predstavljen na\u010din odjave od prejemanja oglasnih sporo\u010dil.<\/p><h3>Izjemno razkritje osebnih podatkov<\/h3><p>Podatki, ki jih upravitelj spletnega mesta i-vent.com zbira in obdeluje, bodo razkriti le, \u010de tako dolo\u010da veljavna zakonodaja oz. v primeru, da je tak\u0161no ukrepanje potrebno za postopke pred sodi\u0161\u010di ali drugimi dr\u017eavnimi organi.<\/p><h3>Dostopnost osebnih podatkov<\/h3><p>Osebni podatki se hranijo na spletnem mestu i-vent.com v primeru oddaje povpra\u0161evanja in so dostopni upravitelju spletnega mesta in skrbniku. Velja, da upravitelj upravljavec osebnih podatkov in skrbnik spletnega mesta obdelovalec. Obdelovalec osebnih podatkov ne sme in ne more uporabljati za lastne potrebe ter jih lahko uporablja samo za potrebe upravljavca osebnih podatkov, po navodilih upravljavca.<\/p><p>Dostop do osebnih podatkov je prav tako omogo\u010den ponudnikom gostovanja, ki po medsebojni pogodbi brez dovoljenja upravljavca ne sme dostopati do osebnih podatkov.<\/p><p>Velja, da imajo dostop tudi zaposleni in poobla\u0161\u010dene osebe upravitelja in obdelovalca v zakonsko dovoljenem obsegu. Vse te osebe se zave\u017eejo k skrbnemu varovanju osebnih podatkov.<\/p><h3>Za\u0161\u010dita osebnih podatkov<\/h3><p>Osebni podatkov so za\u0161\u010diteni in skrbimo, da je nepoobla\u0161\u010denim osebam onemogo\u010den dostop do njih. V primeru kr\u0161itve tega \u010dlena se zave\u017eemo uporabnika o morebitnem nepoobla\u0161\u010denem dostopu do njihovih osebnih podatkov obvestiti.<\/p><h3>Odgovorna oseba za varstvo podatkov<\/h3><p>Odgovorna oseba je dolo\u010dena v internem aktu o varstvu podatkov in se na zahtevo uporabnika razkrije. Zaradi varstva podatkov ni objavljena javno na spletu.<\/p><h3>Pravice posameznikov<\/h3><p>Posameznik, na katerega se nana\u0161ajo osebni podatki, ima pravico do vpogleda v osebne podatke, ki se obdelujejo. Prav tako ima pravico zahtevati popravek ali dopolnitev svojih osebnih podatkov kot tudi izbris svojih osebnih podatkov, brez obrazlo\u017eitve in brez vzroka, kar stori z elektronskim sporo\u010dilom, naslovljenim na elektronski naslov info@i-vent.com.<\/p><h3>Akcije, popusti in dodatne ugodnosti\u00a0<\/h3><p>V okviru poslovanja podjetje I-VENT prireja razne akcije, daje popuste in dodatne ugodnosti, katerih pogoji in obveznosti so navedeni na podstraneh vsake aktualne akcije.<\/p><h3>Kon\u010dne dolo\u010dbe<\/h3><p>Spletno mesto in vse podstrani so v lasti in upravljanju podjetja i-Vent d.o.o., Robbova ulica 2, 1000 Ljubljana, ID: SI 65582055, ki je hkrati tudi upravljavec osebnih podatkov. Skrbnik spletnega mesta je podjetje KJF d.o.o., Limbu\u0161ka cesta 2, 2341 Limbu\u0161, ID: SI 10040471, ki je hkrati tudi obdelovalec osebnih podatkov.<\/p><p>Uporabniki osebnih podatkov pa so v skladu s splo\u0161nimi pogoji tudi podjetja Hitrost.com d.o.o., Cesta \u017eelezarjev 8B, 4270 Jesenice, ID: SI 42864046 kot ponudnik gostovanja, in podjetje Google LLC, 1600 Amphiteatre Parkway, Mountain View, CA 94043, United States, kot ponudnik analiti\u010dnega orodja in hkrati obdelovalec osebnih podatkov v anonimni obliki.<\/p><p>Splo\u0161ni pogoji stopijo v veljavo z dnem 1. 1. 2018. Vse spremembe in dopolnitve stopijo v veljavo z dnem objave na spletnem mestu.\u00a0<\/p><p>Zadnja sprememba: 24. 5. 2023<\/p>\t\t\t\t\t\t\t\t<\/div>\n\t\t\t\t<\/div>\n\t\t\t\t\t<\/div>\n\t\t\t\t<\/div>\n\t\t\t\t<\/div>\n\t\t","protected":false},"excerpt":{"rendered":"<p>Splo\u0161ni pogoji Vsa vsebina na strani in podstraneh spletnega mesta i-vent.com je avtorsko za\u0161\u010ditena. Spletno mesto (vklju\u010dno z vsemi njenimi podstranmi) je samo za lastno uporabo in splo\u0161no informiranje. V primeru uporabe spletnega mesta (brskanje, pridobivanje informacij, uporaba aplikacije, ipd.) velja,&#8230;<\/p>\n","protected":false},"author":3,"featured_media":0,"parent":0,"menu_order":0,"comment_status":"closed","ping_status":"closed","template":"","meta":{"footnotes":""},"class_list":["post-25747","page","type-page","status-publish","hentry"],"yoast_head":"<!-- This site is optimized with the Yoast SEO plugin v27.1.1 - https:\/\/yoast.com\/product\/yoast-seo-wordpress\/ -->\n<title>Splo\u0161ni pogoji - i-Vent.com<\/title>\n<meta name=\"robots\" content=\"noindex, nofollow\" \/>\n<meta property=\"og:locale\" content=\"sl_SI\" \/>\n<meta property=\"og:type\" content=\"article\" \/>\n<meta property=\"og:title\" content=\"Splo\u0161ni pogoji - i-Vent.com\" \/>\n<meta property=\"og:description\" content=\"Splo\u0161ni pogoji Vsa vsebina na strani in podstraneh spletnega mesta i-vent.com je avtorsko za\u0161\u010ditena. Spletno mesto (vklju\u010dno z vsemi njenimi podstranmi) je samo za lastno uporabo in splo\u0161no informiranje. V primeru uporabe spletnega mesta (brskanje, pridobivanje informacij, uporaba aplikacije, ipd.) velja,...\" \/>\n<meta property=\"og:url\" content=\"https:\/\/i-vent.com\/si\/splosni-pogoji\/\" \/>\n<meta property=\"og:site_name\" content=\"i-Vent.com\" \/>\n<meta property=\"article:publisher\" content=\"https:\/\/www.facebook.com\/iVent.slovenija\/\" \/>\n<meta property=\"article:modified_time\" content=\"2026-02-19T06:01:41+00:00\" \/>\n<meta property=\"og:image\" content=\"https:\/\/i-vent.com\/si\/wp-content\/uploads\/2025\/03\/i-vent_og.jpg\" \/>\n\t<meta property=\"og:image:width\" content=\"1200\" \/>\n\t<meta property=\"og:image:height\" content=\"630\" \/>\n\t<meta property=\"og:image:type\" content=\"image\/jpeg\" \/>\n<meta name=\"twitter:card\" content=\"summary_large_image\" \/>\n<meta name=\"twitter:label1\" content=\"Est. reading time\" \/>\n\t<meta name=\"twitter:data1\" content=\"11 minut\" \/>\n<script type=\"application\/ld+json\" class=\"yoast-schema-graph\">{\"@context\":\"https:\/\/schema.org\",\"@graph\":[{\"@type\":\"WebPage\",\"@id\":\"https:\/\/i-vent.com\/si\/splosni-pogoji\/\",\"url\":\"https:\/\/i-vent.com\/si\/splosni-pogoji\/\",\"name\":\"Splo\u0161ni pogoji - i-Vent.com\",\"isPartOf\":{\"@id\":\"https:\/\/i-vent.com\/si\/#website\"},\"datePublished\":\"2025-02-28T11:13:06+00:00\",\"dateModified\":\"2026-02-19T06:01:41+00:00\",\"breadcrumb\":{\"@id\":\"https:\/\/i-vent.com\/si\/splosni-pogoji\/#breadcrumb\"},\"inLanguage\":\"sl-SI\",\"potentialAction\":[{\"@type\":\"ReadAction\",\"target\":[\"https:\/\/i-vent.com\/si\/splosni-pogoji\/\"]}]},{\"@type\":\"BreadcrumbList\",\"@id\":\"https:\/\/i-vent.com\/si\/splosni-pogoji\/#breadcrumb\",\"itemListElement\":[{\"@type\":\"ListItem\",\"position\":1,\"name\":\"Domov\",\"item\":\"https:\/\/i-vent.com\/si\/\"},{\"@type\":\"ListItem\",\"position\":2,\"name\":\"Splo\u0161ni pogoji\"}]},{\"@type\":\"WebSite\",\"@id\":\"https:\/\/i-vent.com\/si\/#website\",\"url\":\"https:\/\/i-vent.com\/si\/\",\"name\":\"i-Vent\",\"description\":\"Specialisti za prezra\u010devanje\",\"publisher\":{\"@id\":\"https:\/\/i-vent.com\/si\/#organization\"},\"alternateName\":\"i-Vent\",\"potentialAction\":[{\"@type\":\"SearchAction\",\"target\":{\"@type\":\"EntryPoint\",\"urlTemplate\":\"https:\/\/i-vent.com\/si\/?s={search_term_string}\"},\"query-input\":{\"@type\":\"PropertyValueSpecification\",\"valueRequired\":true,\"valueName\":\"search_term_string\"}}],\"inLanguage\":\"sl-SI\"},{\"@type\":\"Organization\",\"@id\":\"https:\/\/i-vent.com\/si\/#organization\",\"name\":\"i-Vent\",\"alternateName\":\"i-Vent d.o.o.\",\"url\":\"https:\/\/i-vent.com\/si\/\",\"logo\":{\"@type\":\"ImageObject\",\"inLanguage\":\"sl-SI\",\"@id\":\"https:\/\/i-vent.com\/si\/#\/schema\/logo\/image\/\",\"url\":\"https:\/\/i-vent.com\/si\/wp-content\/uploads\/2025\/03\/i-Vent_696x696.jpg\",\"contentUrl\":\"https:\/\/i-vent.com\/si\/wp-content\/uploads\/2025\/03\/i-Vent_696x696.jpg\",\"width\":696,\"height\":696,\"caption\":\"i-Vent\"},\"image\":{\"@id\":\"https:\/\/i-vent.com\/si\/#\/schema\/logo\/image\/\"},\"sameAs\":[\"https:\/\/www.facebook.com\/iVent.slovenija\/\"]}]}<\/script>\n<!-- \/ Yoast SEO plugin. -->","yoast_head_json":{"title":"Splo\u0161ni pogoji - i-Vent.com","robots":{"index":"noindex","follow":"nofollow"},"og_locale":"sl_SI","og_type":"article","og_title":"Splo\u0161ni pogoji - i-Vent.com","og_description":"Splo\u0161ni pogoji Vsa vsebina na strani in podstraneh spletnega mesta i-vent.com je avtorsko za\u0161\u010ditena. Spletno mesto (vklju\u010dno z vsemi njenimi podstranmi) je samo za lastno uporabo in splo\u0161no informiranje. V primeru uporabe spletnega mesta (brskanje, pridobivanje informacij, uporaba aplikacije, ipd.) velja,...","og_url":"https:\/\/i-vent.com\/si\/splosni-pogoji\/","og_site_name":"i-Vent.com","article_publisher":"https:\/\/www.facebook.com\/iVent.slovenija\/","article_modified_time":"2026-02-19T06:01:41+00:00","og_image":[{"width":1200,"height":630,"url":"https:\/\/i-vent.com\/si\/wp-content\/uploads\/2025\/03\/i-vent_og.jpg","type":"image\/jpeg"}],"twitter_card":"summary_large_image","twitter_misc":{"Est. reading time":"11 minut"},"schema":{"@context":"https:\/\/schema.org","@graph":[{"@type":"WebPage","@id":"https:\/\/i-vent.com\/si\/splosni-pogoji\/","url":"https:\/\/i-vent.com\/si\/splosni-pogoji\/","name":"Splo\u0161ni pogoji - i-Vent.com","isPartOf":{"@id":"https:\/\/i-vent.com\/si\/#website"},"datePublished":"2025-02-28T11:13:06+00:00","dateModified":"2026-02-19T06:01:41+00:00","breadcrumb":{"@id":"https:\/\/i-vent.com\/si\/splosni-pogoji\/#breadcrumb"},"inLanguage":"sl-SI","potentialAction":[{"@type":"ReadAction","target":["https:\/\/i-vent.com\/si\/splosni-pogoji\/"]}]},{"@type":"BreadcrumbList","@id":"https:\/\/i-vent.com\/si\/splosni-pogoji\/#breadcrumb","itemListElement":[{"@type":"ListItem","position":1,"name":"Domov","item":"https:\/\/i-vent.com\/si\/"},{"@type":"ListItem","position":2,"name":"Splo\u0161ni pogoji"}]},{"@type":"WebSite","@id":"https:\/\/i-vent.com\/si\/#website","url":"https:\/\/i-vent.com\/si\/","name":"i-Vent","description":"Specialisti za prezra\u010devanje","publisher":{"@id":"https:\/\/i-vent.com\/si\/#organization"},"alternateName":"i-Vent","potentialAction":[{"@type":"SearchAction","target":{"@type":"EntryPoint","urlTemplate":"https:\/\/i-vent.com\/si\/?s={search_term_string}"},"query-input":{"@type":"PropertyValueSpecification","valueRequired":true,"valueName":"search_term_string"}}],"inLanguage":"sl-SI"},{"@type":"Organization","@id":"https:\/\/i-vent.com\/si\/#organization","name":"i-Vent","alternateName":"i-Vent d.o.o.","url":"https:\/\/i-vent.com\/si\/","logo":{"@type":"ImageObject","inLanguage":"sl-SI","@id":"https:\/\/i-vent.com\/si\/#\/schema\/logo\/image\/","url":"https:\/\/i-vent.com\/si\/wp-content\/uploads\/2025\/03\/i-Vent_696x696.jpg","contentUrl":"https:\/\/i-vent.com\/si\/wp-content\/uploads\/2025\/03\/i-Vent_696x696.jpg","width":696,"height":696,"caption":"i-Vent"},"image":{"@id":"https:\/\/i-vent.com\/si\/#\/schema\/logo\/image\/"},"sameAs":["https:\/\/www.facebook.com\/iVent.slovenija\/"]}]}},"_links":{"self":[{"href":"https:\/\/i-vent.com\/si\/wp-json\/wp\/v2\/pages\/25747","targetHints":{"allow":["GET"]}}],"collection":[{"href":"https:\/\/i-vent.com\/si\/wp-json\/wp\/v2\/pages"}],"about":[{"href":"https:\/\/i-vent.com\/si\/wp-json\/wp\/v2\/types\/page"}],"author":[{"embeddable":true,"href":"https:\/\/i-vent.com\/si\/wp-json\/wp\/v2\/users\/3"}],"replies":[{"embeddable":true,"href":"https:\/\/i-vent.com\/si\/wp-json\/wp\/v2\/comments?post=25747"}],"version-history":[{"count":1,"href":"https:\/\/i-vent.com\/si\/wp-json\/wp\/v2\/pages\/25747\/revisions"}],"predecessor-version":[{"id":33727,"href":"https:\/\/i-vent.com\/si\/wp-json\/wp\/v2\/pages\/25747\/revisions\/33727"}],"wp:attachment":[{"href":"https:\/\/i-vent.com\/si\/wp-json\/wp\/v2\/media?parent=25747"}],"curies":[{"name":"wp","href":"https:\/\/api.w.org\/{rel}","templated":true}]}}