{"id":25184,"date":"2025-02-27T09:59:50","date_gmt":"2025-02-27T08:59:50","guid":{"rendered":"https:\/\/i-vent.com\/si\/?page_id=25184"},"modified":"2025-08-08T13:34:56","modified_gmt":"2025-08-08T11:34:56","slug":"leanpay","status":"publish","type":"page","link":"https:\/\/i-vent.com\/si\/leanpay\/","title":{"rendered":"Leanpay"},"content":{"rendered":"\t\t<div data-elementor-type=\"wp-page\" data-elementor-id=\"25184\" class=\"elementor elementor-25184\" data-elementor-post-type=\"page\">\n\t\t\t\t\t\t<section class=\"elementor-section elementor-top-section elementor-element elementor-element-cfd80cb elementor-section-full_width elementor-section-stretched elementor-section-height-default elementor-section-height-default\" data-id=\"cfd80cb\" data-element_type=\"section\" data-e-type=\"section\" data-settings=\"{&quot;stretch_section&quot;:&quot;section-stretched&quot;,&quot;background_background&quot;:&quot;classic&quot;}\">\n\t\t\t\t\t\t<div class=\"elementor-container elementor-column-gap-no\">\n\t\t\t\t\t<div class=\"elementor-column elementor-col-100 elementor-top-column elementor-element elementor-element-2b88514 akcija-banner\" data-id=\"2b88514\" data-element_type=\"column\" data-e-type=\"column\" data-settings=\"{&quot;background_background&quot;:&quot;gradient&quot;}\">\n\t\t\t<div class=\"elementor-widget-wrap elementor-element-populated\">\n\t\t\t\t<div class=\"elementor-element elementor-element-fd9a2d8 e-flex e-con-boxed e-con e-parent\" data-id=\"fd9a2d8\" data-element_type=\"container\" data-e-type=\"container\">\n\t\t\t\t\t<div class=\"e-con-inner\">\n\t\t\t\t<div class=\"elementor-element elementor-element-1f9a8b2 elementor-widget elementor-widget-heading\" data-id=\"1f9a8b2\" data-element_type=\"widget\" data-e-type=\"widget\" data-widget_type=\"heading.default\">\n\t\t\t\t<div class=\"elementor-widget-container\">\n\t\t\t\t\t<h2 class=\"elementor-heading-title elementor-size-default\">Enostavni obro\u010dni nakup!<\/h2>\t\t\t\t<\/div>\n\t\t\t\t<\/div>\n\t\t\t\t<div class=\"elementor-element elementor-element-cb71ed5 elementor-widget elementor-widget-image\" data-id=\"cb71ed5\" data-element_type=\"widget\" data-e-type=\"widget\" data-widget_type=\"image.default\">\n\t\t\t\t<div class=\"elementor-widget-container\">\n\t\t\t\t\t\t\t\t\t\t\t\t\t\t\t<img decoding=\"async\" width=\"300\" height=\"86\" src=\"https:\/\/i-vent.com\/si\/wp-content\/uploads\/2025\/03\/leanpay_logo_wh-300x86.png\" class=\"attachment-medium size-medium wp-image-26495\" alt=\"\" srcset=\"https:\/\/i-vent.com\/si\/wp-content\/uploads\/2025\/03\/leanpay_logo_wh-300x86.png 300w, https:\/\/i-vent.com\/si\/wp-content\/uploads\/2025\/03\/leanpay_logo_wh-1024x294.png 1024w, https:\/\/i-vent.com\/si\/wp-content\/uploads\/2025\/03\/leanpay_logo_wh-768x220.png 768w, https:\/\/i-vent.com\/si\/wp-content\/uploads\/2025\/03\/leanpay_logo_wh-600x172.png 600w\" sizes=\"(max-width: 300px) 100vw, 300px\" \/>\t\t\t\t\t\t\t\t\t\t\t\t\t\t\t<\/div>\n\t\t\t\t<\/div>\n\t\t\t\t\t<\/div>\n\t\t\t\t<\/div>\n\t\t\t\t<div class=\"elementor-element elementor-element-4d3b1d5 elementor-widget elementor-widget-spacer\" data-id=\"4d3b1d5\" data-element_type=\"widget\" data-e-type=\"widget\" data-widget_type=\"spacer.default\">\n\t\t\t\t<div class=\"elementor-widget-container\">\n\t\t\t\t\t\t\t<div class=\"elementor-spacer\">\n\t\t\t<div class=\"elementor-spacer-inner\"><\/div>\n\t\t<\/div>\n\t\t\t\t\t\t<\/div>\n\t\t\t\t<\/div>\n\t\t\t\t\t<\/div>\n\t\t<\/div>\n\t\t\t\t\t<\/div>\n\t\t<\/section>\n\t\t\t\t<section class=\"elementor-section elementor-top-section elementor-element elementor-element-1704883 elementor-section-stretched elementor-section-boxed elementor-section-height-default elementor-section-height-default\" data-id=\"1704883\" data-element_type=\"section\" data-e-type=\"section\" data-settings=\"{&quot;stretch_section&quot;:&quot;section-stretched&quot;,&quot;background_background&quot;:&quot;classic&quot;}\">\n\t\t\t\t\t\t<div class=\"elementor-container elementor-column-gap-wide\">\n\t\t\t\t\t<div class=\"elementor-column elementor-col-100 elementor-top-column elementor-element elementor-element-7a71743\" data-id=\"7a71743\" data-element_type=\"column\" data-e-type=\"column\">\n\t\t\t<div class=\"elementor-widget-wrap elementor-element-populated\">\n\t\t\t\t\t\t<div class=\"elementor-element elementor-element-1098e4f neuros-button-border-style-solid elementor-widget__width-auto elementor-widget-widescreen__width-initial full-size-gumb neuros-button-bakground-style-solid elementor-widget elementor-widget-neuros_button\" data-id=\"1098e4f\" data-element_type=\"widget\" data-e-type=\"widget\" data-widget_type=\"neuros_button.default\">\n\t\t\t\t<div class=\"elementor-widget-container\">\n\t\t\t\t\t\n        <div class=\"button-widget\">\n            <div class=\"button-container\">\n                                <a class=\"neuros-button\" href=\"https:\/\/i-vent.com\/si\/posljite-povprasevanje\/\" href=\"https:\/\/i-vent.com\/si\/posljite-povprasevanje\/\">Po\u0161ljite povpra\u0161evanje                        <span class=\"icon-button-arrow left\"><\/span><span class=\"icon-button-arrow right\"><\/span>                    \n                    <span class=\"button-inner\"><\/span>\n                <\/a>\n                            <\/div>\n        <\/div>\n        \t\t\t\t<\/div>\n\t\t\t\t<\/div>\n\t\t\t\t<div class=\"elementor-element elementor-element-bc4a79a elementor-invisible elementor-widget elementor-widget-neuros_heading\" data-id=\"bc4a79a\" data-element_type=\"widget\" data-e-type=\"widget\" data-settings=\"{&quot;_animation&quot;:&quot;neuros_heading_animation&quot;,&quot;_animation_delay&quot;:300}\" data-widget_type=\"neuros_heading.default\">\n\t\t\t\t<div class=\"elementor-widget-container\">\n\t\t\t\t\t<div class=\"neuros-heading-widget\"><h2 class=\"neuros-heading\"><span class=\"neuros-subheading\">leanpay<\/span><span class=\"neuros-heading-content has_gradient_color_text\">Mo\u017enost pla\u010dila na od 3 pa do kar 84 obrokov!<\/span><\/h2><\/div>\t\t\t\t<\/div>\n\t\t\t\t<\/div>\n\t\t\t\t<section class=\"elementor-section elementor-inner-section elementor-element elementor-element-81fa325 elementor-section-boxed elementor-section-height-default elementor-section-height-default\" data-id=\"81fa325\" data-element_type=\"section\" data-e-type=\"section\">\n\t\t\t\t\t\t<div class=\"elementor-container elementor-column-gap-default\">\n\t\t\t\t\t<div class=\"elementor-column elementor-col-50 elementor-inner-column elementor-element elementor-element-dd5a35c\" data-id=\"dd5a35c\" data-element_type=\"column\" data-e-type=\"column\">\n\t\t\t<div class=\"elementor-widget-wrap elementor-element-populated\">\n\t\t\t\t\t\t<div class=\"elementor-element elementor-element-4e36a86 elementor-widget elementor-widget-text-editor\" data-id=\"4e36a86\" data-element_type=\"widget\" data-e-type=\"widget\" data-widget_type=\"text-editor.default\">\n\t\t\t\t<div class=\"elementor-widget-container\">\n\t\t\t\t\t\t\t\t\t<div><div id=\"item-16687772980\" class=\"ba-item-headline ba-item\"><div class=\"headline-wrapper\"><h3>Prednosti, ki jih za vas prina\u0161a ta storitev:<\/h3><\/div><\/div><div id=\"item-16687767860\" class=\"ba-item-icon-list ba-item\"><div class=\"ba-icon-list-wrapper\"><ul class=\"vertical-layout\"><li class=\"list-item-without-link\"><i class=\"flaticon-controls-4\"><\/i>Mo\u017enost pla\u010dila: od\u00a0<b>3\u00a0<\/b>pa do kar\u00a0<b>84 obrokov.<\/b><\/li><li class=\"list-item-without-link\"><i class=\"flaticon-database-3\"><\/i>Znesek nakupa: Od 50 \u20ac do 12.000,00 \u20ac (minimalni obrok 10 \u20ac, maksimalni 350 \u20ac).<\/li><li class=\"list-item-without-link\"><i class=\"flaticon-stopwatch-4\"><\/i>Na\u010din obro\u010dnega pla\u010devanja lahko sklenete\u00a0<b>takoj ob nakupu.<\/b><\/li><li class=\"list-item-without-link\"><i class=\"flaticon-info\"><\/i><b>Informacije o odobritvi oz. zavrnitvi<\/b>\u00a0mo\u017enosti pla\u010dila na obroke prejmete\u00a0<b>v le nekaj minutah.<\/b><\/li><\/ul><div><b>\u00a0<\/b><\/div><\/div><\/div><\/div><div><div id=\"item-16687781845463\" class=\"ba-item-headline ba-item\"><div class=\"headline-wrapper\"><h3>Osnovni pogoji za uporabo storitev Leanpay:<\/h3><\/div><\/div><div id=\"item-16687781845464\" class=\"ba-item-text ba-item\"><div class=\"content-text\"><ul><li><p>Dr\u017eavljanstvo Republike Slovenije,<\/p><\/li><li><p>stalno bivali\u0161\u010de v Republiki Sloveniji,<\/p><\/li><li><p>starost ob odobritvi od 18 do 73 let,<\/p><\/li><li><p>verodostojnost posredovanih podatkov,<\/p><\/li><li><p>redni mese\u010dni priliv (vse oblike zaposlitve razen \u0161tudentskega dela),<\/p><\/li><li><p>pozitivna kreditna ocena oziroma ugotovljena kreditna sposobnost,<\/p><\/li><li><p>pametni telefon, ki ga uporabljate samo vi,<\/p><\/li><li><p>va\u0161a dav\u010dna \u0161tevilka in va\u0161a osebna izkaznica ali potni list (izdana v Republiki Sloveniji),<\/p><\/li><li><p>va\u0161a ban\u010dna kartica s \u0161tevilko osebnega ban\u010dnega ra\u010duna (TRR),<\/p><\/li><li><p>vpis v bazo SISBON.<\/p><\/li><\/ul><\/div><\/div><\/div>\t\t\t\t\t\t\t\t<\/div>\n\t\t\t\t<\/div>\n\t\t\t\t<div class=\"elementor-element elementor-element-a35e689 neuros-button-border-style-gradient neuros-button-bakground-style-solid elementor-widget elementor-widget-neuros_button\" data-id=\"a35e689\" data-element_type=\"widget\" data-e-type=\"widget\" data-widget_type=\"neuros_button.default\">\n\t\t\t\t<div class=\"elementor-widget-container\">\n\t\t\t\t\t\n        <div class=\"button-widget\">\n            <div class=\"button-container\">\n                                <a class=\"neuros-button\" href=\"https:\/\/i-vent.com\/si\/posljite-povprasevanje\/\" href=\"https:\/\/i-vent.com\/si\/posljite-povprasevanje\/\">Po\u0161ljite povpra\u0161evanje                        <span class=\"icon-button-arrow left\"><\/span><span class=\"icon-button-arrow right\"><\/span>                    \n                    <span class=\"button-inner\"><\/span>\n                <\/a>\n                            <\/div>\n        <\/div>\n        \t\t\t\t<\/div>\n\t\t\t\t<\/div>\n\t\t\t\t\t<\/div>\n\t\t<\/div>\n\t\t\t\t<div class=\"elementor-column elementor-col-50 elementor-inner-column elementor-element elementor-element-2b46b78\" data-id=\"2b46b78\" data-element_type=\"column\" data-e-type=\"column\" data-settings=\"{&quot;background_background&quot;:&quot;classic&quot;}\">\n\t\t\t<div class=\"elementor-widget-wrap elementor-element-populated\">\n\t\t\t\t\t\t<div class=\"elementor-element elementor-element-d72eb88 elementor-position-top elementor-widget elementor-widget-image-box\" data-id=\"d72eb88\" data-element_type=\"widget\" data-e-type=\"widget\" data-widget_type=\"image-box.default\">\n\t\t\t\t<div class=\"elementor-widget-container\">\n\t\t\t\t\t<div class=\"elementor-image-box-wrapper\"><figure class=\"elementor-image-box-img\"><img decoding=\"async\" width=\"200\" height=\"200\" src=\"https:\/\/i-vent.com\/si\/wp-content\/uploads\/2025\/03\/placilo-na-obroke-icon.png\" class=\"attachment-full size-full wp-image-26523\" alt=\"\" srcset=\"https:\/\/i-vent.com\/si\/wp-content\/uploads\/2025\/03\/placilo-na-obroke-icon.png 200w, https:\/\/i-vent.com\/si\/wp-content\/uploads\/2025\/03\/placilo-na-obroke-icon-150x150.png 150w, https:\/\/i-vent.com\/si\/wp-content\/uploads\/2025\/03\/placilo-na-obroke-icon-100x100.png 100w\" sizes=\"(max-width: 200px) 100vw, 200px\" \/><\/figure><div class=\"elementor-image-box-content\"><p class=\"elementor-image-box-description\">Mo\u017enost pla\u010dila na od 3 pa do kar 84 obrokov!<\/p><\/div><\/div>\t\t\t\t<\/div>\n\t\t\t\t<\/div>\n\t\t\t\t<div class=\"elementor-element elementor-element-f7c4bfc elementor-position-top elementor-widget elementor-widget-image-box\" data-id=\"f7c4bfc\" data-element_type=\"widget\" data-e-type=\"widget\" data-widget_type=\"image-box.default\">\n\t\t\t\t<div class=\"elementor-widget-container\">\n\t\t\t\t\t<div class=\"elementor-image-box-wrapper\"><figure class=\"elementor-image-box-img\"><img decoding=\"async\" width=\"200\" height=\"200\" src=\"https:\/\/i-vent.com\/si\/wp-content\/uploads\/2025\/03\/znesek-nakupa-icon.png\" class=\"attachment-full size-full wp-image-26522\" alt=\"\" srcset=\"https:\/\/i-vent.com\/si\/wp-content\/uploads\/2025\/03\/znesek-nakupa-icon.png 200w, https:\/\/i-vent.com\/si\/wp-content\/uploads\/2025\/03\/znesek-nakupa-icon-150x150.png 150w, https:\/\/i-vent.com\/si\/wp-content\/uploads\/2025\/03\/znesek-nakupa-icon-100x100.png 100w\" sizes=\"(max-width: 200px) 100vw, 200px\" \/><\/figure><div class=\"elementor-image-box-content\"><p class=\"elementor-image-box-description\">Znesek nakupa: od 50 do 12.000,00 EUR (minimalni obrok 10 EUR, maksimalni 350 EUR).<\/p><\/div><\/div>\t\t\t\t<\/div>\n\t\t\t\t<\/div>\n\t\t\t\t<div class=\"elementor-element elementor-element-637d659 elementor-position-top elementor-widget elementor-widget-image-box\" data-id=\"637d659\" data-element_type=\"widget\" data-e-type=\"widget\" data-widget_type=\"image-box.default\">\n\t\t\t\t<div class=\"elementor-widget-container\">\n\t\t\t\t\t<div class=\"elementor-image-box-wrapper\"><figure class=\"elementor-image-box-img\"><img loading=\"lazy\" decoding=\"async\" width=\"200\" height=\"200\" src=\"https:\/\/i-vent.com\/si\/wp-content\/uploads\/2025\/03\/cas-sklenitve-icon.png\" class=\"attachment-full size-full wp-image-26524\" alt=\"\" srcset=\"https:\/\/i-vent.com\/si\/wp-content\/uploads\/2025\/03\/cas-sklenitve-icon.png 200w, https:\/\/i-vent.com\/si\/wp-content\/uploads\/2025\/03\/cas-sklenitve-icon-150x150.png 150w, https:\/\/i-vent.com\/si\/wp-content\/uploads\/2025\/03\/cas-sklenitve-icon-100x100.png 100w\" sizes=\"(max-width: 200px) 100vw, 200px\" \/><\/figure><div class=\"elementor-image-box-content\"><p class=\"elementor-image-box-description\">Na\u010din obro\u010dnega odpla\u010devanja lahko sklenete takoj ob nakupu.<\/p><\/div><\/div>\t\t\t\t<\/div>\n\t\t\t\t<\/div>\n\t\t\t\t<div class=\"elementor-element elementor-element-d4a0b00 elementor-widget elementor-widget-spacer\" data-id=\"d4a0b00\" data-element_type=\"widget\" data-e-type=\"widget\" data-widget_type=\"spacer.default\">\n\t\t\t\t<div class=\"elementor-widget-container\">\n\t\t\t\t\t\t\t<div class=\"elementor-spacer\">\n\t\t\t<div class=\"elementor-spacer-inner\"><\/div>\n\t\t<\/div>\n\t\t\t\t\t\t<\/div>\n\t\t\t\t<\/div>\n\t\t\t\t<div class=\"elementor-element elementor-element-6717469 neuros-button-border-style-solid elementor-widget__width-initial elementor-widget-widescreen__width-initial full-size-gumb neuros-button-bakground-style-solid elementor-widget elementor-widget-neuros_button\" data-id=\"6717469\" data-element_type=\"widget\" data-e-type=\"widget\" data-widget_type=\"neuros_button.default\">\n\t\t\t\t<div class=\"elementor-widget-container\">\n\t\t\t\t\t\n        <div class=\"button-widget\">\n            <div class=\"button-container\">\n                                <a class=\"neuros-button\" href=\"https:\/\/app.leanpay.si\/terms-of-use\" href=\"https:\/\/app.leanpay.si\/terms-of-use\" target=\"_blank\">Splo\u0161ni pogoji                        <span class=\"icon-button-arrow left\"><\/span><span class=\"icon-button-arrow right\"><\/span>                    \n                    <span class=\"button-inner\"><\/span>\n                <\/a>\n                            <\/div>\n        <\/div>\n        \t\t\t\t<\/div>\n\t\t\t\t<\/div>\n\t\t\t\t<div class=\"elementor-element elementor-element-fc1505d neuros-button-border-style-solid elementor-widget__width-initial elementor-widget-widescreen__width-initial full-size-gumb neuros-button-bakground-style-solid elementor-widget elementor-widget-neuros_button\" data-id=\"fc1505d\" data-element_type=\"widget\" data-e-type=\"widget\" data-widget_type=\"neuros_button.default\">\n\t\t\t\t<div class=\"elementor-widget-container\">\n\t\t\t\t\t\n        <div class=\"button-widget\">\n            <div class=\"button-container\">\n                                <a class=\"neuros-button\" href=\"https:\/\/app.leanpay.si\/vendor\/pre-qualified?vendor=JZV8GJ\" href=\"https:\/\/app.leanpay.si\/vendor\/pre-qualified?vendor=JZV8GJ\" target=\"_blank\">Preverite svoj limit                        <span class=\"icon-button-arrow left\"><\/span><span class=\"icon-button-arrow right\"><\/span>                    \n                    <span class=\"button-inner\"><\/span>\n                <\/a>\n                            <\/div>\n        <\/div>\n        \t\t\t\t<\/div>\n\t\t\t\t<\/div>\n\t\t\t\t\t<\/div>\n\t\t<\/div>\n\t\t\t\t\t<\/div>\n\t\t<\/section>\n\t\t\t\t\t<\/div>\n\t\t<\/div>\n\t\t\t\t\t<\/div>\n\t\t<\/section>\n\t\t\t\t<\/div>\n\t\t","protected":false},"excerpt":{"rendered":"<p>Enostavni obro\u010dni nakup! Prednosti, ki jih za vas prina\u0161a ta storitev: Mo\u017enost pla\u010dila: od\u00a03\u00a0pa do kar\u00a084 obrokov. Znesek nakupa: Od 50 \u20ac do 12.000,00 \u20ac (minimalni obrok 10 \u20ac, maksimalni 350 \u20ac). Na\u010din obro\u010dnega pla\u010devanja lahko sklenete\u00a0takoj ob nakupu. Informacije o&#8230;<\/p>\n","protected":false},"author":3,"featured_media":0,"parent":0,"menu_order":0,"comment_status":"closed","ping_status":"closed","template":"","meta":{"footnotes":""},"class_list":["post-25184","page","type-page","status-publish","hentry"],"yoast_head":"<!-- This site is optimized with the Yoast SEO plugin v27.1.1 - https:\/\/yoast.com\/product\/yoast-seo-wordpress\/ -->\n<title>Leanpay - i-Vent.com<\/title>\n<meta name=\"robots\" content=\"index, follow, max-snippet:-1, max-image-preview:large, max-video-preview:-1\" \/>\n<link rel=\"canonical\" href=\"https:\/\/i-vent.com\/si\/leanpay\/\" \/>\n<meta property=\"og:locale\" content=\"sl_SI\" \/>\n<meta property=\"og:type\" content=\"article\" \/>\n<meta property=\"og:title\" content=\"Leanpay - i-Vent.com\" \/>\n<meta property=\"og:description\" content=\"Enostavni obro\u010dni nakup! Prednosti, ki jih za vas prina\u0161a ta storitev: Mo\u017enost pla\u010dila: od\u00a03\u00a0pa do kar\u00a084 obrokov. Znesek nakupa: Od 50 \u20ac do 12.000,00 \u20ac (minimalni obrok 10 \u20ac, maksimalni 350 \u20ac). Na\u010din obro\u010dnega pla\u010devanja lahko sklenete\u00a0takoj ob nakupu. Informacije o...\" \/>\n<meta property=\"og:url\" content=\"https:\/\/i-vent.com\/si\/leanpay\/\" \/>\n<meta property=\"og:site_name\" content=\"i-Vent.com\" \/>\n<meta property=\"article:publisher\" content=\"https:\/\/www.facebook.com\/iVent.slovenija\/\" \/>\n<meta property=\"article:modified_time\" content=\"2025-08-08T11:34:56+00:00\" \/>\n<meta property=\"og:image\" content=\"https:\/\/i-vent.com\/si\/wp-content\/uploads\/2025\/03\/leanpay_logo_wh-300x86.png\" \/>\n<meta name=\"twitter:card\" content=\"summary_large_image\" \/>\n<meta name=\"twitter:label1\" content=\"Est. reading time\" \/>\n\t<meta name=\"twitter:data1\" content=\"2 minuti\" \/>\n<script type=\"application\/ld+json\" class=\"yoast-schema-graph\">{\"@context\":\"https:\/\/schema.org\",\"@graph\":[{\"@type\":\"WebPage\",\"@id\":\"https:\/\/i-vent.com\/si\/leanpay\/\",\"url\":\"https:\/\/i-vent.com\/si\/leanpay\/\",\"name\":\"Leanpay - i-Vent.com\",\"isPartOf\":{\"@id\":\"https:\/\/i-vent.com\/si\/#website\"},\"primaryImageOfPage\":{\"@id\":\"https:\/\/i-vent.com\/si\/leanpay\/#primaryimage\"},\"image\":{\"@id\":\"https:\/\/i-vent.com\/si\/leanpay\/#primaryimage\"},\"thumbnailUrl\":\"https:\/\/i-vent.com\/si\/wp-content\/uploads\/2025\/03\/leanpay_logo_wh-300x86.png\",\"datePublished\":\"2025-02-27T08:59:50+00:00\",\"dateModified\":\"2025-08-08T11:34:56+00:00\",\"breadcrumb\":{\"@id\":\"https:\/\/i-vent.com\/si\/leanpay\/#breadcrumb\"},\"inLanguage\":\"sl-SI\",\"potentialAction\":[{\"@type\":\"ReadAction\",\"target\":[\"https:\/\/i-vent.com\/si\/leanpay\/\"]}]},{\"@type\":\"ImageObject\",\"inLanguage\":\"sl-SI\",\"@id\":\"https:\/\/i-vent.com\/si\/leanpay\/#primaryimage\",\"url\":\"https:\/\/i-vent.com\/si\/wp-content\/uploads\/2025\/03\/leanpay_logo_wh.png\",\"contentUrl\":\"https:\/\/i-vent.com\/si\/wp-content\/uploads\/2025\/03\/leanpay_logo_wh.png\",\"width\":5268,\"height\":1510},{\"@type\":\"BreadcrumbList\",\"@id\":\"https:\/\/i-vent.com\/si\/leanpay\/#breadcrumb\",\"itemListElement\":[{\"@type\":\"ListItem\",\"position\":1,\"name\":\"Domov\",\"item\":\"https:\/\/i-vent.com\/si\/\"},{\"@type\":\"ListItem\",\"position\":2,\"name\":\"Leanpay\"}]},{\"@type\":\"WebSite\",\"@id\":\"https:\/\/i-vent.com\/si\/#website\",\"url\":\"https:\/\/i-vent.com\/si\/\",\"name\":\"i-Vent\",\"description\":\"Specialisti za prezra\u010devanje\",\"publisher\":{\"@id\":\"https:\/\/i-vent.com\/si\/#organization\"},\"alternateName\":\"i-Vent\",\"potentialAction\":[{\"@type\":\"SearchAction\",\"target\":{\"@type\":\"EntryPoint\",\"urlTemplate\":\"https:\/\/i-vent.com\/si\/?s={search_term_string}\"},\"query-input\":{\"@type\":\"PropertyValueSpecification\",\"valueRequired\":true,\"valueName\":\"search_term_string\"}}],\"inLanguage\":\"sl-SI\"},{\"@type\":\"Organization\",\"@id\":\"https:\/\/i-vent.com\/si\/#organization\",\"name\":\"i-Vent\",\"alternateName\":\"i-Vent d.o.o.\",\"url\":\"https:\/\/i-vent.com\/si\/\",\"logo\":{\"@type\":\"ImageObject\",\"inLanguage\":\"sl-SI\",\"@id\":\"https:\/\/i-vent.com\/si\/#\/schema\/logo\/image\/\",\"url\":\"https:\/\/i-vent.com\/si\/wp-content\/uploads\/2025\/03\/i-Vent_696x696.jpg\",\"contentUrl\":\"https:\/\/i-vent.com\/si\/wp-content\/uploads\/2025\/03\/i-Vent_696x696.jpg\",\"width\":696,\"height\":696,\"caption\":\"i-Vent\"},\"image\":{\"@id\":\"https:\/\/i-vent.com\/si\/#\/schema\/logo\/image\/\"},\"sameAs\":[\"https:\/\/www.facebook.com\/iVent.slovenija\/\"]}]}<\/script>\n<!-- \/ Yoast SEO plugin. -->","yoast_head_json":{"title":"Leanpay - i-Vent.com","robots":{"index":"index","follow":"follow","max-snippet":"max-snippet:-1","max-image-preview":"max-image-preview:large","max-video-preview":"max-video-preview:-1"},"canonical":"https:\/\/i-vent.com\/si\/leanpay\/","og_locale":"sl_SI","og_type":"article","og_title":"Leanpay - i-Vent.com","og_description":"Enostavni obro\u010dni nakup! Prednosti, ki jih za vas prina\u0161a ta storitev: Mo\u017enost pla\u010dila: od\u00a03\u00a0pa do kar\u00a084 obrokov. Znesek nakupa: Od 50 \u20ac do 12.000,00 \u20ac (minimalni obrok 10 \u20ac, maksimalni 350 \u20ac). Na\u010din obro\u010dnega pla\u010devanja lahko sklenete\u00a0takoj ob nakupu. Informacije o...","og_url":"https:\/\/i-vent.com\/si\/leanpay\/","og_site_name":"i-Vent.com","article_publisher":"https:\/\/www.facebook.com\/iVent.slovenija\/","article_modified_time":"2025-08-08T11:34:56+00:00","og_image":[{"url":"https:\/\/i-vent.com\/si\/wp-content\/uploads\/2025\/03\/leanpay_logo_wh-300x86.png","type":"","width":"","height":""}],"twitter_card":"summary_large_image","twitter_misc":{"Est. reading time":"2 minuti"},"schema":{"@context":"https:\/\/schema.org","@graph":[{"@type":"WebPage","@id":"https:\/\/i-vent.com\/si\/leanpay\/","url":"https:\/\/i-vent.com\/si\/leanpay\/","name":"Leanpay - i-Vent.com","isPartOf":{"@id":"https:\/\/i-vent.com\/si\/#website"},"primaryImageOfPage":{"@id":"https:\/\/i-vent.com\/si\/leanpay\/#primaryimage"},"image":{"@id":"https:\/\/i-vent.com\/si\/leanpay\/#primaryimage"},"thumbnailUrl":"https:\/\/i-vent.com\/si\/wp-content\/uploads\/2025\/03\/leanpay_logo_wh-300x86.png","datePublished":"2025-02-27T08:59:50+00:00","dateModified":"2025-08-08T11:34:56+00:00","breadcrumb":{"@id":"https:\/\/i-vent.com\/si\/leanpay\/#breadcrumb"},"inLanguage":"sl-SI","potentialAction":[{"@type":"ReadAction","target":["https:\/\/i-vent.com\/si\/leanpay\/"]}]},{"@type":"ImageObject","inLanguage":"sl-SI","@id":"https:\/\/i-vent.com\/si\/leanpay\/#primaryimage","url":"https:\/\/i-vent.com\/si\/wp-content\/uploads\/2025\/03\/leanpay_logo_wh.png","contentUrl":"https:\/\/i-vent.com\/si\/wp-content\/uploads\/2025\/03\/leanpay_logo_wh.png","width":5268,"height":1510},{"@type":"BreadcrumbList","@id":"https:\/\/i-vent.com\/si\/leanpay\/#breadcrumb","itemListElement":[{"@type":"ListItem","position":1,"name":"Domov","item":"https:\/\/i-vent.com\/si\/"},{"@type":"ListItem","position":2,"name":"Leanpay"}]},{"@type":"WebSite","@id":"https:\/\/i-vent.com\/si\/#website","url":"https:\/\/i-vent.com\/si\/","name":"i-Vent","description":"Specialisti za prezra\u010devanje","publisher":{"@id":"https:\/\/i-vent.com\/si\/#organization"},"alternateName":"i-Vent","potentialAction":[{"@type":"SearchAction","target":{"@type":"EntryPoint","urlTemplate":"https:\/\/i-vent.com\/si\/?s={search_term_string}"},"query-input":{"@type":"PropertyValueSpecification","valueRequired":true,"valueName":"search_term_string"}}],"inLanguage":"sl-SI"},{"@type":"Organization","@id":"https:\/\/i-vent.com\/si\/#organization","name":"i-Vent","alternateName":"i-Vent d.o.o.","url":"https:\/\/i-vent.com\/si\/","logo":{"@type":"ImageObject","inLanguage":"sl-SI","@id":"https:\/\/i-vent.com\/si\/#\/schema\/logo\/image\/","url":"https:\/\/i-vent.com\/si\/wp-content\/uploads\/2025\/03\/i-Vent_696x696.jpg","contentUrl":"https:\/\/i-vent.com\/si\/wp-content\/uploads\/2025\/03\/i-Vent_696x696.jpg","width":696,"height":696,"caption":"i-Vent"},"image":{"@id":"https:\/\/i-vent.com\/si\/#\/schema\/logo\/image\/"},"sameAs":["https:\/\/www.facebook.com\/iVent.slovenija\/"]}]}},"_links":{"self":[{"href":"https:\/\/i-vent.com\/si\/wp-json\/wp\/v2\/pages\/25184","targetHints":{"allow":["GET"]}}],"collection":[{"href":"https:\/\/i-vent.com\/si\/wp-json\/wp\/v2\/pages"}],"about":[{"href":"https:\/\/i-vent.com\/si\/wp-json\/wp\/v2\/types\/page"}],"author":[{"embeddable":true,"href":"https:\/\/i-vent.com\/si\/wp-json\/wp\/v2\/users\/3"}],"replies":[{"embeddable":true,"href":"https:\/\/i-vent.com\/si\/wp-json\/wp\/v2\/comments?post=25184"}],"version-history":[{"count":0,"href":"https:\/\/i-vent.com\/si\/wp-json\/wp\/v2\/pages\/25184\/revisions"}],"wp:attachment":[{"href":"https:\/\/i-vent.com\/si\/wp-json\/wp\/v2\/media?parent=25184"}],"curies":[{"name":"wp","href":"https:\/\/api.w.org\/{rel}","templated":true}]}}